{"id":17184,"date":"2022-11-02T07:55:53","date_gmt":"2022-11-02T06:55:53","guid":{"rendered":"https:\/\/epwlm.com\/?page_id=17184"},"modified":"2025-01-04T10:27:18","modified_gmt":"2025-01-04T09:27:18","slug":"partenaires","status":"publish","type":"page","link":"https:\/\/epwlm.com\/index.php\/partenaires\/","title":{"rendered":"Partenaires"},"content":{"rendered":"\t\t<div data-elementor-type=\"wp-page\" data-elementor-id=\"17184\" class=\"elementor elementor-17184\">\n\t\t\t\t\t\t<section class=\"elementor-section elementor-top-section elementor-element elementor-element-e184c4d elementor-section-boxed elementor-section-height-default elementor-section-height-default\" data-id=\"e184c4d\" data-element_type=\"section\" data-e-type=\"section\">\n\t\t\t\t\t\t<div class=\"elementor-container elementor-column-gap-default\">\n\t\t\t\t\t<div class=\"elementor-column elementor-col-100 elementor-top-column elementor-element elementor-element-14237c0\" data-id=\"14237c0\" data-element_type=\"column\" data-e-type=\"column\">\n\t\t\t<div class=\"elementor-widget-wrap elementor-element-populated\">\n\t\t\t\t\t\t<div class=\"elementor-element elementor-element-82bdf9c elementor-widget elementor-widget-spacer\" data-id=\"82bdf9c\" data-element_type=\"widget\" data-e-type=\"widget\" data-widget_type=\"spacer.default\">\n\t\t\t\t<div class=\"elementor-widget-container\">\n\t\t\t\t\t\t\t<div class=\"elementor-spacer\">\n\t\t\t<div class=\"elementor-spacer-inner\"><\/div>\n\t\t<\/div>\n\t\t\t\t\t\t<\/div>\n\t\t\t\t<\/div>\n\t\t\t\t<div class=\"elementor-element elementor-element-e53f369 elementor-widget elementor-widget-heading\" data-id=\"e53f369\" data-element_type=\"widget\" data-e-type=\"widget\" data-widget_type=\"heading.default\">\n\t\t\t\t<div class=\"elementor-widget-container\">\n\t\t\t\t\t<h2 class=\"elementor-heading-title elementor-size-default\">Devenir partenaire de l'EPWLM<\/h2>\t\t\t\t<\/div>\n\t\t\t\t<\/div>\n\t\t\t\t\t<\/div>\n\t\t<\/div>\n\t\t\t\t\t<\/div>\n\t\t<\/section>\n\t\t\t\t<section class=\"elementor-section elementor-top-section elementor-element elementor-element-5acbe2e elementor-section-boxed elementor-section-height-default elementor-section-height-default\" data-id=\"5acbe2e\" data-element_type=\"section\" data-e-type=\"section\">\n\t\t\t\t\t\t<div class=\"elementor-container elementor-column-gap-default\">\n\t\t\t\t\t<div class=\"elementor-column elementor-col-100 elementor-top-column elementor-element elementor-element-64ca2ec\" data-id=\"64ca2ec\" data-element_type=\"column\" data-e-type=\"column\">\n\t\t\t<div class=\"elementor-widget-wrap elementor-element-populated\">\n\t\t\t\t\t\t<div class=\"elementor-element elementor-element-adb1e4d elementor-widget elementor-widget-text-editor\" data-id=\"adb1e4d\" data-element_type=\"widget\" data-e-type=\"widget\" data-widget_type=\"text-editor.default\">\n\t\t\t\t<div class=\"elementor-widget-container\">\n\t\t\t\t\t\t\t\t\t<p>L&#8217; <strong>E<\/strong>ntente <strong>P<\/strong>atinage <strong>W<\/strong>asquehal <strong>L<\/strong>ille <strong>M<\/strong>\u00e9tropole,<strong> c\u2019est LE club de patinage de la m\u00e9tropole Lilloise<\/strong> depuis 2010. \u00c0 travers ses diff\u00e9rentes disciplines,<br \/>l\u2019EPWLM a pour vocation de <strong>donner acc\u00e8s au patinage au plus grand nombre<\/strong>, mais aussi de <strong>transmettre des valeurs \u00e9ducatives<\/strong>, une \u00e9thique sportive aux<br \/>enfants (respect des autres, motivation\u2026) mais aussi un <strong>\u00e9panouissement et d\u00e9passement de soi \u00e0 travers la performance sportive<\/strong>.<\/p>\t\t\t\t\t\t\t\t<\/div>\n\t\t\t\t<\/div>\n\t\t\t\t\t<\/div>\n\t\t<\/div>\n\t\t\t\t\t<\/div>\n\t\t<\/section>\n\t\t\t\t<section class=\"elementor-section elementor-top-section elementor-element elementor-element-756c1bc elementor-section-boxed elementor-section-height-default elementor-section-height-default\" data-id=\"756c1bc\" data-element_type=\"section\" data-e-type=\"section\">\n\t\t\t\t\t\t<div class=\"elementor-container elementor-column-gap-default\">\n\t\t\t\t\t<div class=\"elementor-column elementor-col-100 elementor-top-column elementor-element elementor-element-2a544c8\" data-id=\"2a544c8\" data-element_type=\"column\" data-e-type=\"column\">\n\t\t\t<div class=\"elementor-widget-wrap elementor-element-populated\">\n\t\t\t\t\t\t<div class=\"elementor-element elementor-element-ee33f42 elementor-widget elementor-widget-text-editor\" data-id=\"ee33f42\" data-element_type=\"widget\" data-e-type=\"widget\" data-widget_type=\"text-editor.default\">\n\t\t\t\t<div class=\"elementor-widget-container\">\n\t\t\t\t\t\t\t\t\t<h5><strong>Nos Ambitions 2024-2025<\/strong><\/h5><ul><li><strong>Participer \u00e0 plus de 30 comp\u00e9titions<\/strong> au total, aux <strong>niveaux r\u00e9gional, national et<\/strong>\u00a0international.<\/li><li><strong>Accompagner l\u2019\u00e9quipe de patinage Junior<\/strong> dans le plus haut parcours de la discipline, <strong>avec une ambition de participation aux Championnats du Monde<\/strong>.<\/li><li><strong>Poursuivre le formation d&#8217;initiateurs<\/strong> pour accompagner le d\u00e9veloppement de nos disciplines et la transmission aux plus jeunes.<\/li><\/ul>\t\t\t\t\t\t\t\t<\/div>\n\t\t\t\t<\/div>\n\t\t\t\t\t<\/div>\n\t\t<\/div>\n\t\t\t\t\t<\/div>\n\t\t<\/section>\n\t\t\t\t<section class=\"elementor-section elementor-top-section elementor-element elementor-element-4bf9766 elementor-section-boxed elementor-section-height-default elementor-section-height-default\" data-id=\"4bf9766\" data-element_type=\"section\" data-e-type=\"section\">\n\t\t\t\t\t\t<div class=\"elementor-container elementor-column-gap-default\">\n\t\t\t\t\t<div class=\"elementor-column elementor-col-100 elementor-top-column elementor-element elementor-element-51189f4\" data-id=\"51189f4\" data-element_type=\"column\" data-e-type=\"column\">\n\t\t\t<div class=\"elementor-widget-wrap elementor-element-populated\">\n\t\t\t\t\t\t<div class=\"elementor-element elementor-element-43ea6ad elementor-widget elementor-widget-text-editor\" data-id=\"43ea6ad\" data-element_type=\"widget\" data-e-type=\"widget\" data-widget_type=\"text-editor.default\">\n\t\t\t\t<div class=\"elementor-widget-container\">\n\t\t\t\t\t\t\t\t\t<h4>Vous souhaitez nous accompagner dans la r\u00e9alisation de nos projets et le d\u00e9veloppement de notre club, nous mettons \u00e0 votre disposition un dossier de partenariat.<\/h4>\t\t\t\t\t\t\t\t<\/div>\n\t\t\t\t<\/div>\n\t\t\t\t<div class=\"elementor-element elementor-element-75ecc3d elementor-align-center elementor-widget elementor-widget-button\" data-id=\"75ecc3d\" data-element_type=\"widget\" data-e-type=\"widget\" data-widget_type=\"button.default\">\n\t\t\t\t<div class=\"elementor-widget-container\">\n\t\t\t\t\t\t\t\t\t<div class=\"elementor-button-wrapper\">\n\t\t\t\t\t<a class=\"elementor-button elementor-button-link elementor-size-sm\" href=\"https:\/\/epwlm.com\/wp-content\/uploads\/2025\/01\/sponsoring-epwlm2024-2025.pdf\" target=\"_blank\">\n\t\t\t\t\t\t<span class=\"elementor-button-content-wrapper\">\n\t\t\t\t\t\t\t\t\t<span class=\"elementor-button-text\">Dossier de partenariat<\/span>\n\t\t\t\t\t<\/span>\n\t\t\t\t\t<\/a>\n\t\t\t\t<\/div>\n\t\t\t\t\t\t\t\t<\/div>\n\t\t\t\t<\/div>\n\t\t\t\t<div class=\"elementor-element elementor-element-5791fb1 elementor-widget elementor-widget-text-editor\" data-id=\"5791fb1\" data-element_type=\"widget\" data-e-type=\"widget\" data-widget_type=\"text-editor.default\">\n\t\t\t\t<div class=\"elementor-widget-container\">\n\t\t\t\t\t\t\t\t\t<p>N&#8217;h\u00e9sitez pas \u00e0 nous <span style=\"text-decoration: underline;\"><a href=\"president@epwlm.com\">contacter<\/a><\/span><\/p>\t\t\t\t\t\t\t\t<\/div>\n\t\t\t\t<\/div>\n\t\t\t\t\t<\/div>\n\t\t<\/div>\n\t\t\t\t\t<\/div>\n\t\t<\/section>\n\t\t\t\t<\/div>\n\t\t","protected":false},"excerpt":{"rendered":"<p>Devenir partenaire de l&#8217;EPWLM L&#8217; Entente Patinage Wasquehal Lille M\u00e9tropole, c\u2019est LE club de patinage de la m\u00e9tropole Lilloise depuis 2010. \u00c0 travers ses diff\u00e9rentes disciplines,l\u2019EPWLM a pour vocation de donner acc\u00e8s au patinage au plus grand nombre, mais aussi de transmettre des valeurs \u00e9ducatives, une \u00e9thique sportive auxenfants (respect des autres, motivation\u2026) mais aussi&hellip;&nbsp;<a href=\"https:\/\/epwlm.com\/index.php\/partenaires\/\" rel=\"bookmark\">Lire la suite &raquo;<span class=\"screen-reader-text\">Partenaires<\/span><\/a><\/p>\n","protected":false},"author":642,"featured_media":0,"parent":0,"menu_order":0,"comment_status":"closed","ping_status":"closed","template":"page-templates\/template-pagebuilder-full-width.php","meta":{"_monsterinsights_skip_tracking":false,"_monsterinsights_sitenote_active":false,"_monsterinsights_sitenote_note":"","_monsterinsights_sitenote_category":0,"neve_meta_sidebar":"","neve_meta_container":"","neve_meta_enable_content_width":"","neve_meta_content_width":0,"neve_meta_title_alignment":"","neve_meta_author_avatar":"","neve_post_elements_order":"","neve_meta_disable_header":"","neve_meta_disable_footer":"","neve_meta_disable_title":"","ngg_post_thumbnail":0,"jetpack_post_was_ever_published":false,"footnotes":""},"class_list":["post-17184","page","type-page","status-publish","hentry"],"jetpack_sharing_enabled":true,"jetpack_shortlink":"https:\/\/wp.me\/P9UovH-4ta","_links":{"self":[{"href":"https:\/\/epwlm.com\/index.php\/wp-json\/wp\/v2\/pages\/17184","targetHints":{"allow":["GET"]}}],"collection":[{"href":"https:\/\/epwlm.com\/index.php\/wp-json\/wp\/v2\/pages"}],"about":[{"href":"https:\/\/epwlm.com\/index.php\/wp-json\/wp\/v2\/types\/page"}],"author":[{"embeddable":true,"href":"https:\/\/epwlm.com\/index.php\/wp-json\/wp\/v2\/users\/642"}],"replies":[{"embeddable":true,"href":"https:\/\/epwlm.com\/index.php\/wp-json\/wp\/v2\/comments?post=17184"}],"version-history":[{"count":32,"href":"https:\/\/epwlm.com\/index.php\/wp-json\/wp\/v2\/pages\/17184\/revisions"}],"predecessor-version":[{"id":35784,"href":"https:\/\/epwlm.com\/index.php\/wp-json\/wp\/v2\/pages\/17184\/revisions\/35784"}],"wp:attachment":[{"href":"https:\/\/epwlm.com\/index.php\/wp-json\/wp\/v2\/media?parent=17184"}],"curies":[{"name":"wp","href":"https:\/\/api.w.org\/{rel}","templated":true}]}}