{"id":1929,"date":"2016-10-02T20:20:27","date_gmt":"2016-10-02T19:20:27","guid":{"rendered":"http:\/\/www.nhju.eu\/wordpress\/epwlm\/?page_id=1929"},"modified":"2016-10-02T20:20:27","modified_gmt":"2016-10-02T19:20:27","slug":"fevrier","status":"publish","type":"page","link":"https:\/\/epwlm.com\/index.php\/stage\/fevrier\/","title":{"rendered":"FEVRIER"},"content":{"rendered":"<p>[dg attachment_pg=&#8221;false&#8221; new_window=&#8221;true&#8221; ids=&#8221;4002&#8243;]<\/p>\n<p>[pdf-embedder url=&#8221;http:\/\/www.nhju.eu\/wordpress\/epwlm\/wp-content\/uploads\/sites\/3\/2018\/02\/t\u00e9l\u00e9charger-STAGE-FEVRIER-2018-inscription-V2.pdf&#8221; title=&#8221;t\u00e9l\u00e9chargement&#8221;]<\/p>\n","protected":false},"excerpt":{"rendered":"<p>[dg attachment_pg=&#8221;false&#8221; new_window=&#8221;true&#8221; ids=&#8221;4002&#8243;] [pdf-embedder url=&#8221;http:\/\/www.nhju.eu\/wordpress\/epwlm\/wp-content\/uploads\/sites\/3\/2018\/02\/t\u00e9l\u00e9charger-STAGE-FEVRIER-2018-inscription-V2.pdf&#8221; title=&#8221;t\u00e9l\u00e9chargement&#8221;]<\/p>\n","protected":false},"author":1,"featured_media":0,"parent":1935,"menu_order":0,"comment_status":"closed","ping_status":"closed","template":"","meta":{"_monsterinsights_skip_tracking":false,"_monsterinsights_sitenote_active":false,"_monsterinsights_sitenote_note":"","_monsterinsights_sitenote_category":0,"neve_meta_sidebar":"","neve_meta_container":"","neve_meta_enable_content_width":"","neve_meta_content_width":0,"neve_meta_title_alignment":"","neve_meta_author_avatar":"","neve_post_elements_order":"","neve_meta_disable_header":"","neve_meta_disable_footer":"","neve_meta_disable_title":"","ngg_post_thumbnail":0,"jetpack_post_was_ever_published":false,"footnotes":""},"class_list":["post-1929","page","type-page","status-publish","hentry"],"jetpack_sharing_enabled":true,"jetpack_shortlink":"https:\/\/wp.me\/P9UovH-v7","_links":{"self":[{"href":"https:\/\/epwlm.com\/index.php\/wp-json\/wp\/v2\/pages\/1929","targetHints":{"allow":["GET"]}}],"collection":[{"href":"https:\/\/epwlm.com\/index.php\/wp-json\/wp\/v2\/pages"}],"about":[{"href":"https:\/\/epwlm.com\/index.php\/wp-json\/wp\/v2\/types\/page"}],"author":[{"embeddable":true,"href":"https:\/\/epwlm.com\/index.php\/wp-json\/wp\/v2\/users\/1"}],"replies":[{"embeddable":true,"href":"https:\/\/epwlm.com\/index.php\/wp-json\/wp\/v2\/comments?post=1929"}],"version-history":[{"count":0,"href":"https:\/\/epwlm.com\/index.php\/wp-json\/wp\/v2\/pages\/1929\/revisions"}],"up":[{"embeddable":true,"href":"https:\/\/epwlm.com\/index.php\/wp-json\/wp\/v2\/pages\/1935"}],"wp:attachment":[{"href":"https:\/\/epwlm.com\/index.php\/wp-json\/wp\/v2\/media?parent=1929"}],"curies":[{"name":"wp","href":"https:\/\/api.w.org\/{rel}","templated":true}]}}