{"id":1963,"date":"2016-10-13T10:57:50","date_gmt":"2016-10-13T09:57:50","guid":{"rendered":"http:\/\/www.nhju.eu\/wordpress\/epwlm\/?page_id=1963"},"modified":"2020-03-08T12:28:36","modified_gmt":"2020-03-08T11:28:36","slug":"matteo-domenico-ottaviani","status":"publish","type":"page","link":"https:\/\/epwlm.com\/index.php\/disciplines\/le-club\/entraineurs\/matteo-domenico-ottaviani\/","title":{"rendered":"Matteo Domenico OTTAVIANI"},"content":{"rendered":"\t\t<div data-elementor-type=\"wp-page\" data-elementor-id=\"1963\" class=\"elementor elementor-1963\">\n\t\t\t\t\t\t<section class=\"elementor-section elementor-top-section elementor-element elementor-element-721e94d elementor-section-boxed elementor-section-height-default elementor-section-height-default\" data-id=\"721e94d\" data-element_type=\"section\" data-e-type=\"section\">\n\t\t\t\t\t\t<div class=\"elementor-container elementor-column-gap-default\">\n\t\t\t\t\t<div class=\"elementor-column elementor-col-66 elementor-top-column elementor-element elementor-element-7c93748\" data-id=\"7c93748\" data-element_type=\"column\" data-e-type=\"column\">\n\t\t\t<div class=\"elementor-widget-wrap elementor-element-populated\">\n\t\t\t\t\t\t<div class=\"elementor-element elementor-element-48686ab elementor-widget elementor-widget-image\" data-id=\"48686ab\" data-element_type=\"widget\" data-e-type=\"widget\" data-widget_type=\"image.default\">\n\t\t\t\t<div class=\"elementor-widget-container\">\n\t\t\t\t\t\t\t\t\t\t\t\t\t\t\t<img fetchpriority=\"high\" decoding=\"async\" width=\"346\" height=\"473\" src=\"https:\/\/epwlm.com\/wp-content\/uploads\/2016\/10\/mateo.png\" class=\"attachment-large size-large wp-image-1962\" alt=\"\" srcset=\"https:\/\/epwlm.com\/wp-content\/uploads\/2016\/10\/mateo.png 346w, https:\/\/epwlm.com\/wp-content\/uploads\/2016\/10\/mateo-219x300.png 219w\" sizes=\"(max-width: 346px) 100vw, 346px\" \/>\t\t\t\t\t\t\t\t\t\t\t\t\t\t\t<\/div>\n\t\t\t\t<\/div>\n\t\t\t\t\t<\/div>\n\t\t<\/div>\n\t\t\t\t<div class=\"elementor-column elementor-col-33 elementor-top-column elementor-element elementor-element-945a9f4\" data-id=\"945a9f4\" data-element_type=\"column\" data-e-type=\"column\">\n\t\t\t<div class=\"elementor-widget-wrap elementor-element-populated\">\n\t\t\t\t\t\t<div class=\"elementor-element elementor-element-dce05ca elementor-widget elementor-widget-text-editor\" data-id=\"dce05ca\" data-element_type=\"widget\" data-e-type=\"widget\" data-widget_type=\"text-editor.default\">\n\t\t\t\t<div class=\"elementor-widget-container\">\n\t\t\t\t\t\t\t\t\t<p><strong>Fonction : <\/strong>Patinage Artistique et Synchro<span id=\"transmark\" style=\"display: none; width: 0px; height: 0px;\"><\/span><\/p>\t\t\t\t\t\t\t\t<\/div>\n\t\t\t\t<\/div>\n\t\t\t\t<div class=\"elementor-element elementor-element-4fbcc8b elementor-widget elementor-widget-text-editor\" data-id=\"4fbcc8b\" data-element_type=\"widget\" data-e-type=\"widget\" data-widget_type=\"text-editor.default\">\n\t\t\t\t<div class=\"elementor-widget-container\">\n\t\t\t\t\t\t\t\t\t<p><strong>Formation \/ <\/strong><strong>Diplomes<\/strong> :<\/p><ul><li>DESJEPS mention PATINAGE sp\u00e9cialit\u00e9 &#8220;PERFORMANCE SPORTIVE&#8221;<\/li><li>BREVET D&#8217;ENTRA\u00ceNEUR 2\u00b0 DEGR\u00c9 (d\u00e9livr\u00e9 par Federazione Italiana Sport Ghiaccio FISG) &#8211;<\/li><li>SP\u00c9CIALISTE\u00a0TECHNIQUE NATIONAL PATINAGE ARTISTIQUE<\/li><li><span id=\"transmark\" style=\"display: none; width: 0px; height: 0px;\"><\/span>SP\u00c9CIALISTE\u00a0TECHNIQUE R\u00c9GIONAL\u00a0PATINAGE ARTISTIQUE SYNCHRONIS\u00c9<\/li><\/ul>\t\t\t\t\t\t\t\t<\/div>\n\t\t\t\t<\/div>\n\t\t\t\t<div class=\"elementor-element elementor-element-7b7a240 elementor-widget elementor-widget-text-editor\" data-id=\"7b7a240\" data-element_type=\"widget\" data-e-type=\"widget\" data-widget_type=\"text-editor.default\">\n\t\t\t\t<div class=\"elementor-widget-container\">\n\t\t\t\t\t\t\t\t\t<p><strong>Exp\u00e9rience de patinage :<\/strong><\/p><ul><li>PATINAGE ARTISTIQUE : 12 ans &#8211; comp\u00e9titions nationales et internationales; spectacles) &#8211;<\/li><li>DANSE SUR GLACE : 1 an &#8211; comp\u00e9titions r\u00e9gionales<\/li><\/ul><p><br \/><span id=\"transmark\" style=\"display: none; width: 0px; height: 0px;\"><\/span><\/p>\t\t\t\t\t\t\t\t<\/div>\n\t\t\t\t<\/div>\n\t\t\t\t\t<\/div>\n\t\t<\/div>\n\t\t\t\t\t<\/div>\n\t\t<\/section>\n\t\t\t\t<section class=\"elementor-section elementor-top-section elementor-element elementor-element-159ce128 elementor-section-boxed elementor-section-height-default elementor-section-height-default\" data-id=\"159ce128\" data-element_type=\"section\" data-e-type=\"section\">\n\t\t\t\t\t\t<div class=\"elementor-container elementor-column-gap-default\">\n\t\t\t\t\t<div class=\"elementor-column elementor-col-100 elementor-top-column elementor-element elementor-element-77bf6ae5\" data-id=\"77bf6ae5\" data-element_type=\"column\" data-e-type=\"column\">\n\t\t\t<div class=\"elementor-widget-wrap elementor-element-populated\">\n\t\t\t\t\t\t<div class=\"elementor-element elementor-element-fc8f344 elementor-widget elementor-widget-text-editor\" data-id=\"fc8f344\" data-element_type=\"widget\" data-e-type=\"widget\" data-widget_type=\"text-editor.default\">\n\t\t\t\t<div class=\"elementor-widget-container\">\n\t\t\t\t\t\t\t\t\t<p><strong>Le mot de l&#8217;entraineur :<\/strong><\/p><p><em>Plus d&#8217;un si\u00e8cle nous s\u00e9pare de la date des premiers championnats du monde de patinage artistique: une \u00e9poque o\u00f9 les patineurs (que des gar\u00e7ons!) tra\u00e7aient des figures sur la glace et commen\u00e7aient \u00e0 inventer les premiers sauts. Depuis 1896, le patinage n&#8217;a pas cess\u00e9 d&#8217;\u00e9voluer et de se transformer, en devenant l&#8217;un des sports les plus spectaculaires et difficiles au monde. \u00catre entra\u00eeneur aujourd&#8217;hui veut dire savoir s&#8217;ins\u00e9rer dans ce parcours avec rigueur et fantaisie, discipline et cr\u00e9ativit\u00e9, et savoir conduire ses \u00e9l\u00e8ves vers leurs objectifs et leurs r\u00eaves.<\/em><\/p>\t\t\t\t\t\t\t\t<\/div>\n\t\t\t\t<\/div>\n\t\t\t\t\t<\/div>\n\t\t<\/div>\n\t\t\t\t\t<\/div>\n\t\t<\/section>\n\t\t\t\t<\/div>\n\t\t","protected":false},"excerpt":{"rendered":"<p>Fonction : Patinage Artistique et Synchro Formation \/ Diplomes : DESJEPS mention PATINAGE sp\u00e9cialit\u00e9 &#8220;PERFORMANCE SPORTIVE&#8221; BREVET D&#8217;ENTRA\u00ceNEUR 2\u00b0 DEGR\u00c9 (d\u00e9livr\u00e9 par Federazione Italiana Sport Ghiaccio FISG) &#8211; SP\u00c9CIALISTE\u00a0TECHNIQUE NATIONAL PATINAGE ARTISTIQUE SP\u00c9CIALISTE\u00a0TECHNIQUE R\u00c9GIONAL\u00a0PATINAGE ARTISTIQUE SYNCHRONIS\u00c9 Exp\u00e9rience de patinage : PATINAGE ARTISTIQUE : 12 ans &#8211; comp\u00e9titions nationales et internationales; spectacles) &#8211; DANSE SUR GLACE&hellip;&nbsp;<a href=\"https:\/\/epwlm.com\/index.php\/disciplines\/le-club\/entraineurs\/matteo-domenico-ottaviani\/\" rel=\"bookmark\">Lire la suite &raquo;<span class=\"screen-reader-text\">Matteo Domenico OTTAVIANI<\/span><\/a><\/p>\n","protected":false},"author":1,"featured_media":0,"parent":4443,"menu_order":0,"comment_status":"closed","ping_status":"closed","template":"","meta":{"_monsterinsights_skip_tracking":false,"_monsterinsights_sitenote_active":false,"_monsterinsights_sitenote_note":"","_monsterinsights_sitenote_category":0,"neve_meta_sidebar":"","neve_meta_container":"","neve_meta_enable_content_width":"","neve_meta_content_width":0,"neve_meta_title_alignment":"","neve_meta_author_avatar":"","neve_post_elements_order":"","neve_meta_disable_header":"","neve_meta_disable_footer":"","neve_meta_disable_title":"","ngg_post_thumbnail":0,"jetpack_post_was_ever_published":false,"footnotes":""},"class_list":["post-1963","page","type-page","status-publish","hentry"],"jetpack_sharing_enabled":true,"jetpack_shortlink":"https:\/\/wp.me\/P9UovH-vF","_links":{"self":[{"href":"https:\/\/epwlm.com\/index.php\/wp-json\/wp\/v2\/pages\/1963","targetHints":{"allow":["GET"]}}],"collection":[{"href":"https:\/\/epwlm.com\/index.php\/wp-json\/wp\/v2\/pages"}],"about":[{"href":"https:\/\/epwlm.com\/index.php\/wp-json\/wp\/v2\/types\/page"}],"author":[{"embeddable":true,"href":"https:\/\/epwlm.com\/index.php\/wp-json\/wp\/v2\/users\/1"}],"replies":[{"embeddable":true,"href":"https:\/\/epwlm.com\/index.php\/wp-json\/wp\/v2\/comments?post=1963"}],"version-history":[{"count":6,"href":"https:\/\/epwlm.com\/index.php\/wp-json\/wp\/v2\/pages\/1963\/revisions"}],"predecessor-version":[{"id":9205,"href":"https:\/\/epwlm.com\/index.php\/wp-json\/wp\/v2\/pages\/1963\/revisions\/9205"}],"up":[{"embeddable":true,"href":"https:\/\/epwlm.com\/index.php\/wp-json\/wp\/v2\/pages\/4443"}],"wp:attachment":[{"href":"https:\/\/epwlm.com\/index.php\/wp-json\/wp\/v2\/media?parent=1963"}],"curies":[{"name":"wp","href":"https:\/\/api.w.org\/{rel}","templated":true}]}}