{"id":1968,"date":"2016-10-13T11:09:16","date_gmt":"2016-10-13T10:09:16","guid":{"rendered":"http:\/\/www.nhju.eu\/wordpress\/epwlm\/?page_id=1968"},"modified":"2020-01-26T14:01:14","modified_gmt":"2020-01-26T13:01:14","slug":"deborah-watelier","status":"publish","type":"page","link":"https:\/\/epwlm.com\/index.php\/disciplines\/le-club\/entraineurs\/deborah-watelier\/","title":{"rendered":"D\u00e9borah WATELIER"},"content":{"rendered":"\t\t<div data-elementor-type=\"wp-page\" data-elementor-id=\"1968\" class=\"elementor elementor-1968\">\n\t\t\t\t\t\t<section class=\"elementor-section elementor-top-section elementor-element elementor-element-0ce3de4 elementor-section-boxed elementor-section-height-default elementor-section-height-default\" data-id=\"0ce3de4\" data-element_type=\"section\" data-e-type=\"section\">\n\t\t\t\t\t\t<div class=\"elementor-container elementor-column-gap-default\">\n\t\t\t\t\t<div class=\"elementor-column elementor-col-33 elementor-top-column elementor-element elementor-element-d2350f1\" data-id=\"d2350f1\" data-element_type=\"column\" data-e-type=\"column\">\n\t\t\t<div class=\"elementor-widget-wrap elementor-element-populated\">\n\t\t\t\t\t\t<div class=\"elementor-element elementor-element-43bff37 elementor-widget elementor-widget-image\" data-id=\"43bff37\" data-element_type=\"widget\" data-e-type=\"widget\" data-widget_type=\"image.default\">\n\t\t\t\t<div class=\"elementor-widget-container\">\n\t\t\t\t\t\t\t\t\t\t\t\t\t\t\t<img decoding=\"async\" width=\"150\" height=\"202\" src=\"https:\/\/epwlm.com\/wp-content\/uploads\/2016\/03\/deborah.jpg\" class=\"attachment-large size-large wp-image-486\" alt=\"\" \/>\t\t\t\t\t\t\t\t\t\t\t\t\t\t\t<\/div>\n\t\t\t\t<\/div>\n\t\t\t\t\t<\/div>\n\t\t<\/div>\n\t\t\t\t<div class=\"elementor-column elementor-col-66 elementor-top-column elementor-element elementor-element-e081463\" data-id=\"e081463\" data-element_type=\"column\" data-e-type=\"column\">\n\t\t\t<div class=\"elementor-widget-wrap elementor-element-populated\">\n\t\t\t\t\t\t<div class=\"elementor-element elementor-element-853e084 elementor-widget elementor-widget-text-editor\" data-id=\"853e084\" data-element_type=\"widget\" data-e-type=\"widget\" data-widget_type=\"text-editor.default\">\n\t\t\t\t<div class=\"elementor-widget-container\">\n\t\t\t\t\t\t\t\t\t<p><strong>Fonction : <\/strong>Patinage Synchronis\u00e9 et Danse sur Glace<\/p>\t\t\t\t\t\t\t\t<\/div>\n\t\t\t\t<\/div>\n\t\t\t\t<div class=\"elementor-element elementor-element-d1fc8c6 elementor-widget elementor-widget-text-editor\" data-id=\"d1fc8c6\" data-element_type=\"widget\" data-e-type=\"widget\" data-widget_type=\"text-editor.default\">\n\t\t\t\t<div class=\"elementor-widget-container\">\n\t\t\t\t\t\t\t\t\t<p><strong>Formation : <\/strong>Brevet d&#8217;Etat 1er Degr\u00e9<strong><br \/><\/strong><\/p>\t\t\t\t\t\t\t\t<\/div>\n\t\t\t\t<\/div>\n\t\t\t\t<div class=\"elementor-element elementor-element-dc4848a elementor-widget elementor-widget-text-editor\" data-id=\"dc4848a\" data-element_type=\"widget\" data-e-type=\"widget\" data-widget_type=\"text-editor.default\">\n\t\t\t\t<div class=\"elementor-widget-container\">\n\t\t\t\t\t\t\t\t\t<p><strong>Exp\u00e9rience dans le patinage :<br \/><\/strong>23 ann\u00e9es de patinage dont 19 ans en tant que comp\u00e9titrice (Danse sur Glace et Patinage synchronis\u00e9) et 5 ans en tant qu&#8217;entra\u00eeneur (Danse sur Glace et loisirs).<strong><br \/><\/strong><\/p>\t\t\t\t\t\t\t\t<\/div>\n\t\t\t\t<\/div>\n\t\t\t\t\t<\/div>\n\t\t<\/div>\n\t\t\t\t\t<\/div>\n\t\t<\/section>\n\t\t\t\t<section class=\"elementor-section elementor-top-section elementor-element elementor-element-00cdf27 elementor-section-boxed elementor-section-height-default elementor-section-height-default\" data-id=\"00cdf27\" data-element_type=\"section\" data-e-type=\"section\">\n\t\t\t\t\t\t<div class=\"elementor-container elementor-column-gap-default\">\n\t\t\t\t\t<div class=\"elementor-column elementor-col-100 elementor-top-column elementor-element elementor-element-ce56520\" data-id=\"ce56520\" data-element_type=\"column\" data-e-type=\"column\">\n\t\t\t<div class=\"elementor-widget-wrap elementor-element-populated\">\n\t\t\t\t\t\t<div class=\"elementor-element elementor-element-0a92caf elementor-widget elementor-widget-text-editor\" data-id=\"0a92caf\" data-element_type=\"widget\" data-e-type=\"widget\" data-widget_type=\"text-editor.default\">\n\t\t\t\t<div class=\"elementor-widget-container\">\n\t\t\t\t\t\t\t\t\t<p><strong>Le mot de l&#8217;entraineur <span id=\"transmark\" style=\"display: none; width: 0px; height: 0px;\"><\/span>:<\/strong><br \/><em>Le patinage est un sport qui n\u00e9cessite une multitude de comp\u00e9tences. Il faut savoir associer le c\u00f4t\u00e9 artistique (gr\u00e2ce et chor\u00e9graphie) avec le c\u00f4t\u00e9 physique. Depuis maintenant 5 ans, j&#8217;enseigne cette discipline et j&#8217;essaie de transmettre ma passion \u00e0 tous les publics. Voir les \u00e9l\u00e8ves avancer et \u00eatre fi\u00e8re d&#8217;eux est ma plus grande satisfaction. \u00bb<\/em><\/p>\t\t\t\t\t\t\t\t<\/div>\n\t\t\t\t<\/div>\n\t\t\t\t\t<\/div>\n\t\t<\/div>\n\t\t\t\t\t<\/div>\n\t\t<\/section>\n\t\t\t\t<\/div>\n\t\t","protected":false},"excerpt":{"rendered":"<p>Fonction : Patinage Synchronis\u00e9 et Danse sur Glace Formation : Brevet d&#8217;Etat 1er Degr\u00e9 Exp\u00e9rience dans le patinage :23 ann\u00e9es de patinage dont 19 ans en tant que comp\u00e9titrice (Danse sur Glace et Patinage synchronis\u00e9) et 5 ans en tant qu&#8217;entra\u00eeneur (Danse sur Glace et loisirs). Le mot de l&#8217;entraineur :Le patinage est un sport&hellip;&nbsp;<a href=\"https:\/\/epwlm.com\/index.php\/disciplines\/le-club\/entraineurs\/deborah-watelier\/\" rel=\"bookmark\">Lire la suite &raquo;<span class=\"screen-reader-text\">D\u00e9borah WATELIER<\/span><\/a><\/p>\n","protected":false},"author":1,"featured_media":0,"parent":4443,"menu_order":0,"comment_status":"closed","ping_status":"closed","template":"","meta":{"_monsterinsights_skip_tracking":false,"_monsterinsights_sitenote_active":false,"_monsterinsights_sitenote_note":"","_monsterinsights_sitenote_category":0,"neve_meta_sidebar":"","neve_meta_container":"","neve_meta_enable_content_width":"","neve_meta_content_width":0,"neve_meta_title_alignment":"","neve_meta_author_avatar":"","neve_post_elements_order":"","neve_meta_disable_header":"","neve_meta_disable_footer":"","neve_meta_disable_title":"","ngg_post_thumbnail":0,"footnotes":""},"class_list":["post-1968","page","type-page","status-publish","hentry"],"jetpack_sharing_enabled":true,"jetpack_shortlink":"https:\/\/wp.me\/P9UovH-vK","_links":{"self":[{"href":"https:\/\/epwlm.com\/index.php\/wp-json\/wp\/v2\/pages\/1968","targetHints":{"allow":["GET"]}}],"collection":[{"href":"https:\/\/epwlm.com\/index.php\/wp-json\/wp\/v2\/pages"}],"about":[{"href":"https:\/\/epwlm.com\/index.php\/wp-json\/wp\/v2\/types\/page"}],"author":[{"embeddable":true,"href":"https:\/\/epwlm.com\/index.php\/wp-json\/wp\/v2\/users\/1"}],"replies":[{"embeddable":true,"href":"https:\/\/epwlm.com\/index.php\/wp-json\/wp\/v2\/comments?post=1968"}],"version-history":[{"count":7,"href":"https:\/\/epwlm.com\/index.php\/wp-json\/wp\/v2\/pages\/1968\/revisions"}],"predecessor-version":[{"id":7865,"href":"https:\/\/epwlm.com\/index.php\/wp-json\/wp\/v2\/pages\/1968\/revisions\/7865"}],"up":[{"embeddable":true,"href":"https:\/\/epwlm.com\/index.php\/wp-json\/wp\/v2\/pages\/4443"}],"wp:attachment":[{"href":"https:\/\/epwlm.com\/index.php\/wp-json\/wp\/v2\/media?parent=1968"}],"curies":[{"name":"wp","href":"https:\/\/api.w.org\/{rel}","templated":true}]}}