{"id":22326,"date":"2022-12-03T18:21:00","date_gmt":"2022-12-03T17:21:00","guid":{"rendered":"https:\/\/epwlm.com\/index.php\/client-galleries\/account\/"},"modified":"2024-12-24T16:55:16","modified_gmt":"2024-12-24T15:55:16","slug":"account","status":"publish","type":"page","link":"https:\/\/epwlm.com\/index.php\/client-galleries\/account\/","title":{"rendered":"Compte"},"content":{"rendered":"<div id=\"sunshine--account--login-signup\">\n\n\t\n\t<div id=\"sunshine--account--login\">\n\t\t<div id=\"sunshine--account--login-form\">\n\n\t\n\t<div class=\"sunshine--account--login--title sunshine--modal--title\">Connexion<\/div>\n\n\t<form method=\"post\" action=\"\" class=\"sunshine--form--fields\">\n\t\t<input type=\"hidden\" id=\"sunshine_login\" name=\"sunshine_login\" value=\"15eb1843dc\" \/><input type=\"hidden\" name=\"_wp_http_referer\" value=\"\/index.php\/wp-json\/wp\/v2\/pages\/22326\" \/>\t\t<div class=\"sunshine--form--field\">\n\t\t\t<label for=\"sunshine-login-email\">Adresse e-mail<\/label>\n\t\t\t<input type=\"email\" name=\"sunshine_login_email\" id=\"sunshine-login-email\" required=\"required\" \/>\n\t\t<\/div>\n\t\t<div class=\"sunshine--form--field\">\n\t\t\t<label for=\"sunshine-login-password\">Mot de passe<\/label>\n\t\t\t<input type=\"password\" name=\"sunshine_login_password\" id=\"sunshine-login-password\" required=\"required\" \/>\n\t\t<\/div>\n\t\t<div class=\"sunshine--form--field sunshine--form--field-submit\">\n\t\t\t<button type=\"submit\" class=\"button sunshine--button\">Connexion<\/button>\n\t\t\t<div class=\"sunshine--form--field--desc sunshine--account--reset-password-toggle\"><a href=\"#password\" onclick=\"jQuery( '#sunshine--account--login-form, #sunshine--account--reset-password-form' ).toggle(); return false;\">Mot de passe perdu ?<\/a><\/div>\n\t\t<\/div>\n\t\t\t<\/form>\n\n<\/div>\n\n<div id=\"sunshine--account--reset-password-form\" style=\"display: none;\">\n\t<div class=\"sunshine--account--login--title sunshine--modal--title\">R\u00e9initialiser le mot de passe<\/div>\n\t<form method=\"post\" action=\"\" class=\"sunshine--form--fields\">\n\t\t<input type=\"hidden\" id=\"sunshine_reset_password_nonce\" name=\"sunshine_reset_password_nonce\" value=\"9164f8cfbe\" \/><input type=\"hidden\" name=\"_wp_http_referer\" value=\"\/index.php\/wp-json\/wp\/v2\/pages\/22326\" \/>\t\t<div class=\"sunshine--form--field\">\n\t\t\t<label for=\"sunshine-reset-password-email\">Adresse e-mail<\/label>\n\t\t\t<input type=\"email\" name=\"sunshine_reset_password_email\" id=\"sunshine-reset-password-email\" required=\"required\" autocomplete=\"email\" \/>\n\t\t\t<div class=\"sunshine--form--field--desc\">Un courriel sera envoy\u00e9 \u00e0 cette adresse avec des instructions sur la mani\u00e8re de r\u00e9initialiser votre mot de passe<\/div>\n\t\t<\/div>\n\t\t<div class=\"sunshine--form--field sunshine--form--field-submit\">\n\t\t\t<button type=\"submit\" class=\"button sunshine--button\">Obtenir un nouveau mot de passe<\/button>\n\t\t\t<div class=\"sunshine--form--field--desc sunshine--account--reset-password-toggle\"><a href=\"#password\" onclick=\"jQuery( '#sunshine--account--login-form, #sunshine--account--reset-password-form' ).toggle(); return false;\">Retour \u00e0 la connexion<\/a><\/div>\n\t\t<\/div>\n\t<\/form>\n<\/div>\n\t<\/div>\n\n\t\t<div id=\"sunshine--account--signup\">\n\t\t<div class=\"sunshine--account--login--title sunshine--modal--title\">S'inscrire<\/div>\n<form method=\"post\" action=\"\" id=\"sunshine--account--signup-form\" class=\"sunshine--form--fields\">\n\t<input type=\"hidden\" id=\"sunshine_signup\" name=\"sunshine_signup\" value=\"01b3d5ecd7\" \/><input type=\"hidden\" name=\"_wp_http_referer\" value=\"\/index.php\/wp-json\/wp\/v2\/pages\/22326\" \/>\t<div class=\"sunshine--form--field\">\n\t\t<label for=\"sunshine-signup-email\">Adresse e-mail<\/label>\n\t\t<input type=\"email\" name=\"sunshine_signup_email\" id=\"sunshine-signup-email\" required=\"required\" autocomplete=\"email\" \/>\n\t<\/div>\n\t<div class=\"sunshine--form--field\">\n\t\t<label for=\"sunshine-signup-password\">Mot de passe <span class=\"sunshine--form--field--desc\">Optionnel<\/span><\/label>\n\t\t<input type=\"password\" name=\"sunshine_signup_password\" id=\"sunshine-signup-password\" autocomplete=\"new-password\"  \/>\n\t<\/div>\n\t<div class=\"sunshine--form--field sunshine--form--field-half\">\n\t\t<label for=\"sunshine-signup-first-name\">Pr\u00e9nom <span class=\"sunshine--form--field--desc\">Optionnel<\/span><\/label>\n\t\t<input type=\"text\" name=\"sunshine_signup_first_name\" id=\"sunshine-signup-first-name\" autocomplete=\"given-name\" \/>\n\t<\/div>\n\t<div class=\"sunshine--form--field sunshine--form--field-half\">\n\t\t<label for=\"sunshine-signup-last-name\">Nom <span class=\"sunshine--form--field--desc\">Optionnel<\/span><\/label>\n\t\t<input type=\"text\" name=\"sunshine_signup_last_name\" id=\"sunshine-signup-last-name\" autocomplete=\"family-name\"  \/>\n\t<\/div>\n\t\t<div class=\"sunshine--form--field sunshine--form--field-submit\">\n\t\t<button type=\"submit\" class=\"sunshine--button\">Cr\u00e9er un compte<\/button>\n\t<\/div>\n\t<\/form>\n\t<\/div>\n\t\n<\/div>\n","protected":false},"excerpt":{"rendered":"","protected":false},"author":642,"featured_media":0,"parent":22325,"menu_order":0,"comment_status":"closed","ping_status":"closed","template":"","meta":{"_monsterinsights_skip_tracking":false,"_monsterinsights_sitenote_active":false,"_monsterinsights_sitenote_note":"","_monsterinsights_sitenote_category":0,"neve_meta_sidebar":"","neve_meta_container":"","neve_meta_enable_content_width":"","neve_meta_content_width":0,"neve_meta_title_alignment":"","neve_meta_author_avatar":"","neve_post_elements_order":"","neve_meta_disable_header":"on","neve_meta_disable_footer":"on","neve_meta_disable_title":"","ngg_post_thumbnail":0,"jetpack_post_was_ever_published":false,"footnotes":""},"class_list":["post-22326","page","type-page","status-publish","hentry"],"jetpack_sharing_enabled":true,"jetpack_shortlink":"https:\/\/wp.me\/P9UovH-5O6","_links":{"self":[{"href":"https:\/\/epwlm.com\/index.php\/wp-json\/wp\/v2\/pages\/22326","targetHints":{"allow":["GET"]}}],"collection":[{"href":"https:\/\/epwlm.com\/index.php\/wp-json\/wp\/v2\/pages"}],"about":[{"href":"https:\/\/epwlm.com\/index.php\/wp-json\/wp\/v2\/types\/page"}],"author":[{"embeddable":true,"href":"https:\/\/epwlm.com\/index.php\/wp-json\/wp\/v2\/users\/642"}],"replies":[{"embeddable":true,"href":"https:\/\/epwlm.com\/index.php\/wp-json\/wp\/v2\/comments?post=22326"}],"version-history":[{"count":2,"href":"https:\/\/epwlm.com\/index.php\/wp-json\/wp\/v2\/pages\/22326\/revisions"}],"predecessor-version":[{"id":35606,"href":"https:\/\/epwlm.com\/index.php\/wp-json\/wp\/v2\/pages\/22326\/revisions\/35606"}],"up":[{"embeddable":true,"href":"https:\/\/epwlm.com\/index.php\/wp-json\/wp\/v2\/pages\/22325"}],"wp:attachment":[{"href":"https:\/\/epwlm.com\/index.php\/wp-json\/wp\/v2\/media?parent=22326"}],"curies":[{"name":"wp","href":"https:\/\/api.w.org\/{rel}","templated":true}]}}