{"id":2362,"date":"2017-01-11T00:51:28","date_gmt":"2017-01-10T23:51:28","guid":{"rendered":"http:\/\/www.nhju.eu\/wordpress\/epwlm\/?page_id=2362"},"modified":"2017-01-11T00:51:28","modified_gmt":"2017-01-10T23:51:28","slug":"competitions-2017","status":"publish","type":"page","link":"https:\/\/epwlm.com\/index.php\/competitions\/patinage-artistique\/competitions-2017\/","title":{"rendered":"Comp\u00e9titions 2017"},"content":{"rendered":"<table>\n<tbody>\n<tr>\n<td width=\"129\"><strong>DATES<\/strong><\/td>\n<td width=\"114\"><strong>LIEU<\/strong><\/td>\n<td width=\"215\"><strong>COMP\u00c9TITION<\/strong><\/td>\n<td width=\"178\"><strong>CAT\u00c9GORIES<\/strong><\/td>\n<td width=\"331\"><strong>COMP\u00c9TITEURS PR\u00c9VUS<\/strong><\/td>\n<\/tr>\n<tr>\n<td width=\"129\">15-16 octobre<\/td>\n<td width=\"114\">COLOMBES<\/td>\n<td width=\"215\">COUPE DE L\u2019ENVOL <strong>+M<\/strong><\/td>\n<td width=\"178\">N1, N2, N3, R1<\/td>\n<td width=\"331\">Adam, Alessia, Julia-Bettina, Lily<\/td>\n<\/tr>\n<tr>\n<td width=\"129\">19-20 novembre<\/td>\n<td width=\"114\">ROUEN<\/td>\n<td width=\"215\">TDF A2<\/td>\n<td width=\"178\">N1, N2, N3<\/td>\n<td width=\"331\">In\u00e8s, Julia-Bettina, Livia, Manon, Maud, Tara<\/td>\n<\/tr>\n<tr>\n<td width=\"129\">10-11 d\u00e9cembre<\/td>\n<td width=\"114\">AMIENS<\/td>\n<td width=\"215\">COUPE DES BEFFROIS (1<sup>\u00e8re<\/sup> MANCHE HDF) <strong>+M<\/strong><\/td>\n<td width=\"178\">N3, R1, R2, R3, R4<\/td>\n<td width=\"331\">Adam, Alessia, Astrid, In\u00e8s, Juliette, Lily, Livia, Louise, No\u00e9, Olivia, Tara<\/td>\n<\/tr>\n<tr>\n<td width=\"129\">14-15 janvier<\/td>\n<td width=\"114\">ROMORANTIN<\/td>\n<td width=\"215\">TDF B6<\/td>\n<td width=\"178\">N2, N3<\/td>\n<td width=\"331\">Alessia, In\u00e8s, Livia, Tara<\/td>\n<\/tr>\n<tr>\n<td width=\"129\">21-22 janvier<\/td>\n<td width=\"114\">CHARLEVILLE<\/td>\n<td width=\"215\">TDF B7<\/td>\n<td width=\"178\">N2<\/td>\n<td width=\"331\">Julia-Bettina, Manon, Maud<\/td>\n<\/tr>\n<tr>\n<td width=\"129\">4-5 f\u00e9vrier<\/td>\n<td width=\"114\">MULHOUSE<\/td>\n<td width=\"215\">TDF C9<\/td>\n<td width=\"178\">N3<\/td>\n<td width=\"331\">Adam, Alessia, In\u00e8s<\/td>\n<\/tr>\n<tr>\n<td width=\"129\">4-5 mars<\/td>\n<td width=\"114\">BERCY<\/td>\n<td width=\"215\">TDF C12<\/td>\n<td width=\"178\">N2<\/td>\n<td width=\"331\">Julia-Bettina, Livia, Manon, Maud<\/td>\n<\/tr>\n<tr>\n<td width=\"129\">10-11 mars<\/td>\n<td width=\"114\">CHARLEVILLE<\/td>\n<td width=\"215\">SELECTION FRANCE CLUBS <strong>+M<\/strong><\/td>\n<td width=\"178\">N1, N2, N3, R1<\/td>\n<td width=\"331\">Adam, Agathe, Alessia, In\u00e8s, Julia, Julia-Bettina, Lily, Livia, Louane, Manon, Maud, Tara<\/td>\n<\/tr>\n<tr>\n<td width=\"129\"><em>25-26 mars<\/em><\/td>\n<td width=\"114\"><em>BESAN\u00c7ON<\/em><\/td>\n<td width=\"215\"><em>FRANCE MINIME A\/B <\/em><\/td>\n<td width=\"178\"><em>N2<\/em><\/td>\n<td width=\"331\"><em>Livia<\/em><\/td>\n<\/tr>\n<tr>\n<td width=\"129\">25-26 mars<\/td>\n<td width=\"114\">COMPIEGNE<\/td>\n<td width=\"215\">2<sup>\u00e8me <\/sup>MANCHE HDF<\/td>\n<td width=\"178\">N3, R1, R2, R3, R4<\/td>\n<td width=\"331\"><em>Adam, Alessia,<\/em> Astrid, C\u00e9rine, <em>In\u00e8s,<\/em> Julia, <em>Lily,<\/em> Louane, Louise, Nora, Olivia, <em>Tara<\/em><\/td>\n<\/tr>\n<tr>\n<td width=\"129\"><em>1-2 avril<\/em><\/td>\n<td width=\"114\"><em>TOURS<\/em><\/td>\n<td width=\"215\"><em>FRANCE AVENIR, NOV B, JUN B<\/em><\/td>\n<td width=\"178\"><em>N2<\/em><\/td>\n<td width=\"331\"><em>Alessia, Julia-Bettina, Manon, Maud<\/em><\/td>\n<\/tr>\n<tr>\n<td width=\"129\"><em>8-9 avril<\/em><\/td>\n<td width=\"114\"><em>ASNI\u00c8RES<\/em><\/td>\n<td width=\"215\"><em>CRITERIUM NATIONAL<\/em><\/td>\n<td width=\"178\"><em>N2, N3<\/em><\/td>\n<td width=\"331\"><em>Adam, Alessia, In\u00e8s, Julia-Bettina, Manon, Maud, Tara<\/em><\/td>\n<\/tr>\n<tr>\n<td width=\"129\">22-23 avril<\/td>\n<td width=\"114\">ROMORANTIN<\/td>\n<td width=\"215\">SALAMANDER CHALLENGE<\/td>\n<td width=\"178\">ADULTES<\/td>\n<td width=\"331\">Aline, Ana\u00efs, Barbara, Camille, Cl\u00e9mence, Isabelle, <em>L\u00e9a<\/em>, M\u00e9lanie, Micka\u00ebl, Sandrine, Sarah, Sol\u00e8ne<\/td>\n<\/tr>\n<tr>\n<td width=\"129\"><em>6-7 mai<\/em><\/td>\n<td width=\"114\"><em>ROUEN<\/em><\/td>\n<td width=\"215\"><em>CHAMP. NORMANDIE<\/em><\/td>\n<td width=\"178\"><strong><em>M\u00c9DAILLES<\/em><\/strong><\/td>\n<td width=\"331\"><em>?<\/em><\/td>\n<\/tr>\n<tr>\n<td width=\"129\">7-8 mai<\/td>\n<td width=\"114\">VALENCIENNES<\/td>\n<td width=\"215\">COUPE DE LA DENTELLE (3<sup>\u00e8me<\/sup> MANCHE HDF)<\/td>\n<td width=\"178\">N3, R1, R2, R3, R4<\/td>\n<td width=\"331\"><em>Adam, Alessia,<\/em> Astrid, C\u00e9rine, <em>In\u00e8s,<\/em> Julia, <em>Lily,<\/em> Louane, Louise, Nora, Olivia, <em>Tara<\/em><\/td>\n<\/tr>\n<\/tbody>\n<\/table>\n<p>&nbsp;<\/p>\n<p>Comp\u00e9titions d\u00e9j\u00e0 effectu\u00e9es<\/p>\n<p>Comp\u00e9titions \/ patineurs pr\u00e9vus<\/p>\n<p><em>Comp\u00e9titions \/ patineurs \u00e0 confirmer (qualifications, niveau atteint, planning sportif etc.)<\/em><\/p>\n","protected":false},"excerpt":{"rendered":"<p>DATES LIEU COMP\u00c9TITION CAT\u00c9GORIES COMP\u00c9TITEURS PR\u00c9VUS 15-16 octobre COLOMBES COUPE DE L\u2019ENVOL +M N1, N2, N3, R1 Adam, Alessia, Julia-Bettina, Lily 19-20 novembre ROUEN TDF A2 N1, N2, N3 In\u00e8s, Julia-Bettina, Livia, Manon, Maud, Tara 10-11 d\u00e9cembre AMIENS COUPE DES BEFFROIS (1\u00e8re MANCHE HDF) +M N3, R1, R2, R3, R4 Adam, Alessia, Astrid, In\u00e8s, Juliette,&hellip;&nbsp;<a href=\"https:\/\/epwlm.com\/index.php\/competitions\/patinage-artistique\/competitions-2017\/\" rel=\"bookmark\">Lire la suite &raquo;<span class=\"screen-reader-text\">Comp\u00e9titions 2017<\/span><\/a><\/p>\n","protected":false},"author":1,"featured_media":0,"parent":776,"menu_order":0,"comment_status":"closed","ping_status":"closed","template":"","meta":{"_monsterinsights_skip_tracking":false,"_monsterinsights_sitenote_active":false,"_monsterinsights_sitenote_note":"","_monsterinsights_sitenote_category":0,"neve_meta_sidebar":"","neve_meta_container":"","neve_meta_enable_content_width":"","neve_meta_content_width":0,"neve_meta_title_alignment":"","neve_meta_author_avatar":"","neve_post_elements_order":"","neve_meta_disable_header":"","neve_meta_disable_footer":"","neve_meta_disable_title":"","ngg_post_thumbnail":0,"jetpack_post_was_ever_published":false,"footnotes":""},"class_list":["post-2362","page","type-page","status-publish","hentry"],"jetpack_sharing_enabled":true,"jetpack_shortlink":"https:\/\/wp.me\/P9UovH-C6","_links":{"self":[{"href":"https:\/\/epwlm.com\/index.php\/wp-json\/wp\/v2\/pages\/2362","targetHints":{"allow":["GET"]}}],"collection":[{"href":"https:\/\/epwlm.com\/index.php\/wp-json\/wp\/v2\/pages"}],"about":[{"href":"https:\/\/epwlm.com\/index.php\/wp-json\/wp\/v2\/types\/page"}],"author":[{"embeddable":true,"href":"https:\/\/epwlm.com\/index.php\/wp-json\/wp\/v2\/users\/1"}],"replies":[{"embeddable":true,"href":"https:\/\/epwlm.com\/index.php\/wp-json\/wp\/v2\/comments?post=2362"}],"version-history":[{"count":0,"href":"https:\/\/epwlm.com\/index.php\/wp-json\/wp\/v2\/pages\/2362\/revisions"}],"up":[{"embeddable":true,"href":"https:\/\/epwlm.com\/index.php\/wp-json\/wp\/v2\/pages\/776"}],"wp:attachment":[{"href":"https:\/\/epwlm.com\/index.php\/wp-json\/wp\/v2\/media?parent=2362"}],"curies":[{"name":"wp","href":"https:\/\/api.w.org\/{rel}","templated":true}]}}