{"id":31,"date":"2016-03-04T17:43:27","date_gmt":"2016-03-04T16:43:27","guid":{"rendered":"http:\/\/localhost\/wordpressEPWLM\/?page_id=31"},"modified":"2016-03-04T17:43:27","modified_gmt":"2016-03-04T16:43:27","slug":"consultez-le-planning-des-stages","status":"publish","type":"page","link":"https:\/\/epwlm.com\/index.php\/consultez-le-planning-des-stages\/","title":{"rendered":"Stages saison EPWLM"},"content":{"rendered":"<p><strong>Info Stage Paques<\/strong><\/p>\n<p>Afin de compenser ces pertes de glace j\u2019ai convenu avec Clara Levieux de pr\u00e9voir 2 s\u00e9ances de 1 heure de glace pendant le stage des vacances d\u2019avril.<\/p>\n<p><strong>\u00a0<\/strong><strong>Stage synchro organis\u00e9 du Lundi 4 avril au vendredi 8 avril.<\/strong><\/p>\n<p>Ces 2 s\u00e9ances seront offertes par le club pour tous les adh\u00e9rents Loisirs Synchro et Loisirs Adulte qui sont inscrits sur le cours du dimanche.<\/p>\n<p>Elles seront positionn\u00e9s plut\u00f4t en fin d\u2019apr\u00e8s midi en fonction de nos dispos de glace (entre le lundi et mercredi).<\/p>\n<p>Le planning d\u00e9taill\u00e9 du stage sera envoy\u00e9 15 jours avant les vacances.<\/p>\n","protected":false},"excerpt":{"rendered":"<p>Info Stage Paques Afin de compenser ces pertes de glace j\u2019ai convenu avec Clara Levieux de pr\u00e9voir 2 s\u00e9ances de 1 heure de glace pendant le stage des vacances d\u2019avril. \u00a0Stage synchro organis\u00e9 du Lundi 4 avril au vendredi 8 avril. Ces 2 s\u00e9ances seront offertes par le club pour tous les adh\u00e9rents Loisirs Synchro&hellip;&nbsp;<a href=\"https:\/\/epwlm.com\/index.php\/consultez-le-planning-des-stages\/\" rel=\"bookmark\">Lire la suite &raquo;<span class=\"screen-reader-text\">Stages saison EPWLM<\/span><\/a><\/p>\n","protected":false},"author":1,"featured_media":0,"parent":0,"menu_order":0,"comment_status":"closed","ping_status":"closed","template":"","meta":{"_monsterinsights_skip_tracking":false,"_monsterinsights_sitenote_active":false,"_monsterinsights_sitenote_note":"","_monsterinsights_sitenote_category":0,"neve_meta_sidebar":"","neve_meta_container":"","neve_meta_enable_content_width":"","neve_meta_content_width":0,"neve_meta_title_alignment":"","neve_meta_author_avatar":"","neve_post_elements_order":"","neve_meta_disable_header":"","neve_meta_disable_footer":"","neve_meta_disable_title":"","ngg_post_thumbnail":0,"footnotes":""},"class_list":["post-31","page","type-page","status-publish","hentry"],"jetpack_sharing_enabled":true,"jetpack_shortlink":"https:\/\/wp.me\/P9UovH-v","_links":{"self":[{"href":"https:\/\/epwlm.com\/index.php\/wp-json\/wp\/v2\/pages\/31","targetHints":{"allow":["GET"]}}],"collection":[{"href":"https:\/\/epwlm.com\/index.php\/wp-json\/wp\/v2\/pages"}],"about":[{"href":"https:\/\/epwlm.com\/index.php\/wp-json\/wp\/v2\/types\/page"}],"author":[{"embeddable":true,"href":"https:\/\/epwlm.com\/index.php\/wp-json\/wp\/v2\/users\/1"}],"replies":[{"embeddable":true,"href":"https:\/\/epwlm.com\/index.php\/wp-json\/wp\/v2\/comments?post=31"}],"version-history":[{"count":0,"href":"https:\/\/epwlm.com\/index.php\/wp-json\/wp\/v2\/pages\/31\/revisions"}],"wp:attachment":[{"href":"https:\/\/epwlm.com\/index.php\/wp-json\/wp\/v2\/media?parent=31"}],"curies":[{"name":"wp","href":"https:\/\/api.w.org\/{rel}","templated":true}]}}