{"id":31158,"date":"2023-09-01T11:49:07","date_gmt":"2023-09-01T09:49:07","guid":{"rendered":"https:\/\/epwlm.com\/?page_id=31158"},"modified":"2023-11-24T11:58:17","modified_gmt":"2023-11-24T10:58:17","slug":"actualites-2023","status":"publish","type":"page","link":"https:\/\/epwlm.com\/index.php\/actualites-2023\/","title":{"rendered":"Saison 2023\/2024"},"content":{"rendered":"\t\t<div data-elementor-type=\"wp-page\" data-elementor-id=\"31158\" class=\"elementor elementor-31158\">\n\t\t\t\t\t\t<section class=\"elementor-section elementor-top-section elementor-element elementor-element-a41c2d8 elementor-section-boxed elementor-section-height-default elementor-section-height-default\" data-id=\"a41c2d8\" data-element_type=\"section\" data-e-type=\"section\">\n\t\t\t\t\t\t<div class=\"elementor-container elementor-column-gap-default\">\n\t\t\t\t\t<div class=\"elementor-column elementor-col-100 elementor-top-column elementor-element elementor-element-6ad5fbe\" data-id=\"6ad5fbe\" data-element_type=\"column\" data-e-type=\"column\">\n\t\t\t<div class=\"elementor-widget-wrap elementor-element-populated\">\n\t\t\t\t\t\t<div class=\"elementor-element elementor-element-136a852 elementor-grid-eael-col-3 elementor-grid-tablet-eael-col-2 elementor-grid-mobile-eael-col-1 elementor-widget elementor-widget-eael-post-grid\" data-id=\"136a852\" data-element_type=\"widget\" data-e-type=\"widget\" data-settings=\"{&quot;eael_post_grid_columns&quot;:&quot;eael-col-3&quot;,&quot;eael_post_grid_columns_tablet&quot;:&quot;eael-col-2&quot;,&quot;eael_post_grid_columns_mobile&quot;:&quot;eael-col-1&quot;}\" data-widget_type=\"eael-post-grid.default\">\n\t\t\t\t<div class=\"elementor-widget-container\">\n\t\t\t\t\t<div id=\"eael-post-grid-136a852\" class=\"eael-post-grid-container\">\n            <div class=\"eael-post-grid eael-post-appender eael-post-appender-136a852 eael-post-grid-style-one\" data-layout-mode=\"masonry\"><article class=\"eael-grid-post  eael-post-grid-column eael-pg-post-31703 category-2023-competitions-artistiques\" data-id=\"31703\">\n        <div class=\"eael-grid-post-holder\">\n            <div class=\"eael-grid-post-holder-inner\"><div class=\"eael-entry-media\"><div class=\"eael-entry-overlay fade-in\"><i class=\"fas fa-long-arrow-alt-right\" aria-hidden=\"true\"><\/i><a href=\"https:\/\/epwlm.com\/index.php\/2023\/12\/03\/artistique-romorantin-resultats\/\"><\/a><\/div><div class=\"eael-entry-thumbnail \">\n                <img fetchpriority=\"high\" decoding=\"async\" width=\"688\" height=\"620\" src=\"https:\/\/epwlm.com\/wp-content\/uploads\/2023\/12\/Romorantin_2-e1701636434500-688x620.jpg\" class=\"attachment-neve-blog size-neve-blog wp-image-31704\" alt=\"\" \/>\n            <\/div>\n        <\/div><div class=\"eael-entry-wrapper\"><header class=\"eael-entry-header\"><h2 class=\"eael-entry-title\"><a class=\"eael-grid-post-link\" href=\"https:\/\/epwlm.com\/index.php\/2023\/12\/03\/artistique-romorantin-resultats\/\" title=\"Artistique : Romorantin &#8211; R\u00e9sultats\">Artistique : Romorantin &#8211; R\u00e9sultats<\/a><\/h2><\/header><div class=\"eael-entry-content\">\n                        <div class=\"eael-grid-post-excerpt\"><p>Constance termine 2\u00e8me sur 19 en Minime avec la validation...<\/p><\/div>\n                    <\/div><\/div><\/div>\n        <\/div>\n    <\/article><article class=\"eael-grid-post  eael-post-grid-column eael-pg-post-31677 category-2023-competitions-danses\" data-id=\"31677\">\n        <div class=\"eael-grid-post-holder\">\n            <div class=\"eael-grid-post-holder-inner\"><div class=\"eael-entry-media\"><div class=\"eael-entry-overlay fade-in\"><i class=\"fas fa-long-arrow-alt-right\" aria-hidden=\"true\"><\/i><a href=\"https:\/\/epwlm.com\/index.php\/2023\/12\/03\/danse-sur-glace-santa-claus-resultat\/\"><\/a><\/div><div class=\"eael-entry-thumbnail \">\n                <img decoding=\"async\" width=\"900\" height=\"620\" src=\"https:\/\/epwlm.com\/wp-content\/uploads\/2023\/12\/Santa-Claus-e1701624033792-900x620.jpg\" class=\"attachment-neve-blog size-neve-blog wp-image-31679\" alt=\"\" \/>\n            <\/div>\n        <\/div><div class=\"eael-entry-wrapper\"><header class=\"eael-entry-header\"><h2 class=\"eael-entry-title\"><a class=\"eael-grid-post-link\" href=\"https:\/\/epwlm.com\/index.php\/2023\/12\/03\/danse-sur-glace-santa-claus-resultat\/\" title=\"Danse sur glace : Santa Claus &#8211; R\u00e9sultat\">Danse sur glace : Santa Claus &#8211; R\u00e9sultat<\/a><\/h2><\/header><div class=\"eael-entry-content\">\n                        <div class=\"eael-grid-post-excerpt\"><p>Loona et Eliott remportent la Santa Claus Cup \u00e0 Budapest...<\/p><\/div>\n                    <\/div><\/div><\/div>\n        <\/div>\n    <\/article><article class=\"eael-grid-post  eael-post-grid-column eael-pg-post-31151 category-2023-competitions-danses\" data-id=\"31151\">\n        <div class=\"eael-grid-post-holder\">\n            <div class=\"eael-grid-post-holder-inner\"><div class=\"eael-entry-media\"><div class=\"eael-entry-overlay fade-in\"><i class=\"fas fa-long-arrow-alt-right\" aria-hidden=\"true\"><\/i><a href=\"https:\/\/epwlm.com\/index.php\/2023\/11\/22\/danse-sur-glace-tdf-clermont-ferrand-resultats\/\"><\/a><\/div><div class=\"eael-entry-thumbnail \">\n                <img decoding=\"async\" width=\"930\" height=\"620\" src=\"https:\/\/epwlm.com\/wp-content\/uploads\/2023\/11\/Clermont_2-930x620.jpg\" class=\"attachment-neve-blog size-neve-blog wp-image-31157\" alt=\"\" srcset=\"https:\/\/epwlm.com\/wp-content\/uploads\/2023\/11\/Clermont_2-930x620.jpg 930w, https:\/\/epwlm.com\/wp-content\/uploads\/2023\/11\/Clermont_2-272x182.jpg 272w\" sizes=\"(max-width: 930px) 100vw, 930px\" \/>\n            <\/div>\n        <\/div><div class=\"eael-entry-wrapper\"><header class=\"eael-entry-header\"><h2 class=\"eael-entry-title\"><a class=\"eael-grid-post-link\" href=\"https:\/\/epwlm.com\/index.php\/2023\/11\/22\/danse-sur-glace-tdf-clermont-ferrand-resultats\/\" title=\"Danse sur glace : TDF &#8211; Clermont Ferrand &#8211; R\u00e9sultats\">Danse sur glace : TDF &#8211; Clermont Ferrand &#8211; R\u00e9sultats<\/a><\/h2><\/header><div class=\"eael-entry-content\">\n                        <div class=\"eael-grid-post-excerpt\"><p>&#8211; En Senior, Angela termine 2\u00e8me , Manon 13\u00e8me et...<\/p><\/div>\n                    <\/div><\/div><\/div>\n        <\/div>\n    <\/article><article class=\"eael-grid-post  eael-post-grid-column eael-pg-post-31145 category-2023-competitions-artistiques tags-artistique-competitions\" data-id=\"31145\">\n        <div class=\"eael-grid-post-holder\">\n            <div class=\"eael-grid-post-holder-inner\"><div class=\"eael-entry-media\"><div class=\"eael-entry-overlay fade-in\"><i class=\"fas fa-long-arrow-alt-right\" aria-hidden=\"true\"><\/i><a href=\"https:\/\/epwlm.com\/index.php\/2023\/11\/14\/artistique-trophee-vauban-besancon-resultats\/\"><\/a><\/div><div class=\"eael-entry-thumbnail \">\n                <img loading=\"lazy\" decoding=\"async\" width=\"526\" height=\"620\" src=\"https:\/\/epwlm.com\/wp-content\/uploads\/2023\/11\/Besancon-526x620.jpg\" class=\"attachment-neve-blog size-neve-blog wp-image-31150\" alt=\"\" \/>\n            <\/div>\n        <\/div><div class=\"eael-entry-wrapper\"><header class=\"eael-entry-header\"><h2 class=\"eael-entry-title\"><a class=\"eael-grid-post-link\" href=\"https:\/\/epwlm.com\/index.php\/2023\/11\/14\/artistique-trophee-vauban-besancon-resultats\/\" title=\"Artistique : Troph\u00e9e Vauban- Besan\u00e7on &#8211; R\u00e9sultats\">Artistique : Troph\u00e9e Vauban- Besan\u00e7on &#8211; R\u00e9sultats<\/a><\/h2><\/header><div class=\"eael-entry-content\">\n                        <div class=\"eael-grid-post-excerpt\"><p>&#8211; Zo\u00e9 termine 7eme\/8 avec 20.97 pts- Liloo 8eme\/8 avec...<\/p><\/div>\n                    <\/div><\/div><\/div>\n        <\/div>\n    <\/article><article class=\"eael-grid-post  eael-post-grid-column eael-pg-post-31131 category-2023-competitions-artistiques tags-artistique-competitions\" data-id=\"31131\">\n        <div class=\"eael-grid-post-holder\">\n            <div class=\"eael-grid-post-holder-inner\"><div class=\"eael-entry-media\"><div class=\"eael-entry-overlay fade-in\"><i class=\"fas fa-long-arrow-alt-right\" aria-hidden=\"true\"><\/i><a href=\"https:\/\/epwlm.com\/index.php\/2023\/11\/14\/artistique-tdf-tours-resultats\/\"><\/a><\/div><div class=\"eael-entry-thumbnail \">\n                <img loading=\"lazy\" decoding=\"async\" width=\"526\" height=\"620\" src=\"https:\/\/epwlm.com\/wp-content\/uploads\/2023\/11\/Tours_2-526x620.jpg\" class=\"attachment-neve-blog size-neve-blog wp-image-31135\" alt=\"\" \/>\n            <\/div>\n        <\/div><div class=\"eael-entry-wrapper\"><header class=\"eael-entry-header\"><h2 class=\"eael-entry-title\"><a class=\"eael-grid-post-link\" href=\"https:\/\/epwlm.com\/index.php\/2023\/11\/14\/artistique-tdf-tours-resultats\/\" title=\"Artistique : TdF &#8211; Tours &#8211; R\u00e9sultats\">Artistique : TdF &#8211; Tours &#8211; R\u00e9sultats<\/a><\/h2><\/header><div class=\"eael-entry-content\">\n                        <div class=\"eael-grid-post-excerpt\"><p>&#8211; Constance termine 3eme avec 39.83 points- Astrid termine 5eme\/13...<\/p><\/div>\n                    <\/div><\/div><\/div>\n        <\/div>\n    <\/article><article class=\"eael-grid-post  eael-post-grid-column eael-pg-post-31081 category-2023-non-classe\" data-id=\"31081\">\n        <div class=\"eael-grid-post-holder\">\n            <div class=\"eael-grid-post-holder-inner\"><div class=\"eael-entry-media\"><div class=\"eael-entry-overlay fade-in\"><i class=\"fas fa-long-arrow-alt-right\" aria-hidden=\"true\"><\/i><a href=\"https:\/\/epwlm.com\/index.php\/2023\/11\/05\/photos-halloween-2023\/\"><\/a><\/div><div class=\"eael-entry-thumbnail \">\n                <img loading=\"lazy\" decoding=\"async\" width=\"930\" height=\"620\" src=\"https:\/\/epwlm.com\/wp-content\/uploads\/2023\/10\/Soiree-Halloween-1-930x620.jpg\" class=\"attachment-neve-blog size-neve-blog wp-image-30450\" alt=\"\" srcset=\"https:\/\/epwlm.com\/wp-content\/uploads\/2023\/10\/Soiree-Halloween-1-930x620.jpg 930w, https:\/\/epwlm.com\/wp-content\/uploads\/2023\/10\/Soiree-Halloween-1-272x182.jpg 272w\" sizes=\"(max-width: 930px) 100vw, 930px\" \/>\n            <\/div>\n        <\/div><div class=\"eael-entry-wrapper\"><header class=\"eael-entry-header\"><h2 class=\"eael-entry-title\"><a class=\"eael-grid-post-link\" href=\"https:\/\/epwlm.com\/index.php\/2023\/11\/05\/photos-halloween-2023\/\" title=\"Photos Halloween 2023\">Photos Halloween 2023<\/a><\/h2><\/header><div class=\"eael-entry-content\">\n                        <div class=\"eael-grid-post-excerpt\"><p>Vous avez \u00e9t\u00e9 nombreux, sorci\u00e8res, fant\u00f4mes, Harry Potter ou super...<\/p><\/div>\n                    <\/div><\/div><\/div>\n        <\/div>\n    <\/article><article class=\"eael-grid-post  eael-post-grid-column eael-pg-post-31106 category-2023-competitions-danses\" data-id=\"31106\">\n        <div class=\"eael-grid-post-holder\">\n            <div class=\"eael-grid-post-holder-inner\"><div class=\"eael-entry-media\"><div class=\"eael-entry-overlay fade-in\"><i class=\"fas fa-long-arrow-alt-right\" aria-hidden=\"true\"><\/i><a href=\"https:\/\/epwlm.com\/index.php\/2023\/10\/24\/danse-sur-glace-coupe-dautomne-21-22-octobre\/\"><\/a><\/div><div class=\"eael-entry-thumbnail \">\n                <img loading=\"lazy\" decoding=\"async\" width=\"526\" height=\"620\" src=\"https:\/\/epwlm.com\/wp-content\/uploads\/2023\/10\/Coupe-dAutomne-1-526x620.jpg\" class=\"attachment-neve-blog size-neve-blog wp-image-31124\" alt=\"\" \/>\n            <\/div>\n        <\/div><div class=\"eael-entry-wrapper\"><header class=\"eael-entry-header\"><h2 class=\"eael-entry-title\"><a class=\"eael-grid-post-link\" href=\"https:\/\/epwlm.com\/index.php\/2023\/10\/24\/danse-sur-glace-coupe-dautomne-21-22-octobre\/\" title=\"Danse sur glace : Coupe d&#8217;automne &#8211; R\u00e9sultats\">Danse sur glace : Coupe d&#8217;automne &#8211; R\u00e9sultats<\/a><\/h2><\/header><div class=\"eael-entry-content\">\n                        <div class=\"eael-grid-post-excerpt\"><p>Loona et Eliott remportent la coupe d automne avec un...<\/p><\/div>\n                    <\/div><\/div><\/div>\n        <\/div>\n    <\/article><article class=\"eael-grid-post  eael-post-grid-column eael-pg-post-31099 category-2023-competitions-artistiques-non-classe\" data-id=\"31099\">\n        <div class=\"eael-grid-post-holder\">\n            <div class=\"eael-grid-post-holder-inner\"><div class=\"eael-entry-media\"><div class=\"eael-entry-overlay fade-in\"><i class=\"fas fa-long-arrow-alt-right\" aria-hidden=\"true\"><\/i><a href=\"https:\/\/epwlm.com\/index.php\/2023\/10\/10\/artistique-coupe-de-louverture-courbevoie-resultat\/\"><\/a><\/div><div class=\"eael-entry-thumbnail \">\n                <img loading=\"lazy\" decoding=\"async\" width=\"526\" height=\"620\" src=\"https:\/\/epwlm.com\/wp-content\/uploads\/2023\/10\/Courbevoie-2023-526x620.jpg\" class=\"attachment-neve-blog size-neve-blog wp-image-31102\" alt=\"\" \/>\n            <\/div>\n        <\/div><div class=\"eael-entry-wrapper\"><header class=\"eael-entry-header\"><h2 class=\"eael-entry-title\"><a class=\"eael-grid-post-link\" href=\"https:\/\/epwlm.com\/index.php\/2023\/10\/10\/artistique-coupe-de-louverture-courbevoie-resultat\/\" title=\"Artistique &#8211; Coupe de l&#8217;ouverture &#8211; Courbevoie &#8211; R\u00e9sultats\">Artistique &#8211; Coupe de l&#8217;ouverture &#8211; Courbevoie &#8211; R\u00e9sultats<\/a><\/h2><\/header><div class=\"eael-entry-content\">\n                        <div class=\"eael-grid-post-excerpt\"><p>Astrid termine 25\u00e8me \u00e0 Courbevoie en Coupe ouverture o\u00f9 elle...<\/p><\/div>\n                    <\/div><\/div><\/div>\n        <\/div>\n    <\/article><article class=\"eael-grid-post  eael-post-grid-column eael-pg-post-31084 category-2023-competitions-danses\" data-id=\"31084\">\n        <div class=\"eael-grid-post-holder\">\n            <div class=\"eael-grid-post-holder-inner\"><div class=\"eael-entry-media\"><div class=\"eael-entry-overlay fade-in\"><i class=\"fas fa-long-arrow-alt-right\" aria-hidden=\"true\"><\/i><a href=\"https:\/\/epwlm.com\/index.php\/2023\/10\/10\/danse-sur-glace-tournoi-de-rentree-bordeaux-resultats\/\"><\/a><\/div><div class=\"eael-entry-thumbnail \">\n                <img loading=\"lazy\" decoding=\"async\" width=\"930\" height=\"620\" src=\"https:\/\/epwlm.com\/wp-content\/uploads\/2023\/10\/Bordeaux-2023-930x620.jpg\" class=\"attachment-neve-blog size-neve-blog wp-image-31090\" alt=\"\" srcset=\"https:\/\/epwlm.com\/wp-content\/uploads\/2023\/10\/Bordeaux-2023-930x620.jpg 930w, https:\/\/epwlm.com\/wp-content\/uploads\/2023\/10\/Bordeaux-2023-272x182.jpg 272w\" sizes=\"(max-width: 930px) 100vw, 930px\" \/>\n            <\/div>\n        <\/div><div class=\"eael-entry-wrapper\"><header class=\"eael-entry-header\"><h2 class=\"eael-entry-title\"><a class=\"eael-grid-post-link\" href=\"https:\/\/epwlm.com\/index.php\/2023\/10\/10\/danse-sur-glace-tournoi-de-rentree-bordeaux-resultats\/\" title=\"Danse sur glace : Tournoi de rentr\u00e9e &#8211; Bordeaux &#8211; R\u00e9sultats\">Danse sur glace : Tournoi de rentr\u00e9e &#8211; Bordeaux &#8211; R\u00e9sultats<\/a><\/h2><\/header><div class=\"eael-entry-content\">\n                        <div class=\"eael-grid-post-excerpt\"><p>Resultats de nos danseurs \u00e0 Bordeaux :- cat\u00e9gorie Minime, Romane...<\/p><\/div>\n                    <\/div><\/div><\/div>\n        <\/div>\n    <\/article><article class=\"eael-grid-post  eael-post-grid-column eael-pg-post-30330 category-2023-competition-synchro-non-classe\" data-id=\"30330\">\n        <div class=\"eael-grid-post-holder\">\n            <div class=\"eael-grid-post-holder-inner\"><div class=\"eael-entry-media\"><div class=\"eael-entry-overlay fade-in\"><i class=\"fas fa-long-arrow-alt-right\" aria-hidden=\"true\"><\/i><a href=\"https:\/\/epwlm.com\/index.php\/2023\/10\/01\/masters-villars-de-lans-resultats\/\"><\/a><\/div><div class=\"eael-entry-thumbnail \">\n                <img loading=\"lazy\" decoding=\"async\" width=\"930\" height=\"620\" src=\"https:\/\/epwlm.com\/wp-content\/uploads\/2023\/10\/Villars_2-930x620.jpg\" class=\"attachment-neve-blog size-neve-blog wp-image-30331\" alt=\"\" srcset=\"https:\/\/epwlm.com\/wp-content\/uploads\/2023\/10\/Villars_2-930x620.jpg 930w, https:\/\/epwlm.com\/wp-content\/uploads\/2023\/10\/Villars_2-272x182.jpg 272w\" sizes=\"(max-width: 930px) 100vw, 930px\" \/>\n            <\/div>\n        <\/div><div class=\"eael-entry-wrapper\"><header class=\"eael-entry-header\"><h2 class=\"eael-entry-title\"><a class=\"eael-grid-post-link\" href=\"https:\/\/epwlm.com\/index.php\/2023\/10\/01\/masters-villars-de-lans-resultats\/\" title=\"MASTERS &#8211; Villars de Lans &#8211; R\u00e9sultats\">MASTERS &#8211; Villars de Lans &#8211; R\u00e9sultats<\/a><\/h2><\/header><div class=\"eael-entry-content\">\n                        <div class=\"eael-grid-post-excerpt\"><p>Un grand Bravo les Flammes pour cette 1ere place aux...<\/p><\/div>\n                    <\/div><\/div><\/div>\n        <\/div>\n    <\/article><article class=\"eael-grid-post  eael-post-grid-column eael-pg-post-30327 category-2023-competition-synchro-non-classe\" data-id=\"30327\">\n        <div class=\"eael-grid-post-holder\">\n            <div class=\"eael-grid-post-holder-inner\"><div class=\"eael-entry-media\"><div class=\"eael-entry-overlay fade-in\"><i class=\"fas fa-long-arrow-alt-right\" aria-hidden=\"true\"><\/i><a href=\"https:\/\/epwlm.com\/index.php\/2023\/09\/27\/masters-villars-de-lans-2830-septembre\/\"><\/a><\/div><div class=\"eael-entry-thumbnail \">\n                <img loading=\"lazy\" decoding=\"async\" width=\"720\" height=\"620\" src=\"https:\/\/epwlm.com\/wp-content\/uploads\/2023\/10\/Villars-720x620.jpg\" class=\"attachment-neve-blog size-neve-blog wp-image-30328\" alt=\"\" \/>\n            <\/div>\n        <\/div><div class=\"eael-entry-wrapper\"><header class=\"eael-entry-header\"><h2 class=\"eael-entry-title\"><a class=\"eael-grid-post-link\" href=\"https:\/\/epwlm.com\/index.php\/2023\/09\/27\/masters-villars-de-lans-2830-septembre\/\" title=\"MASTERS &#8211; Villars de Lans &#8211; 28\/30 Septembre\">MASTERS &#8211; Villars de Lans &#8211; 28\/30 Septembre<\/a><\/h2><\/header><div class=\"eael-entry-content\">\n                        <div class=\"eael-grid-post-excerpt\"><p>1ere comp\u00e9tition pour notre \u00e9quipe Junior en Patinage artistique synchronis\u00e9.<\/p><\/div>\n                    <\/div><\/div><\/div>\n        <\/div>\n    <\/article><\/div>\n            <div class=\"clearfix\"><\/div>\n        <\/div>\t\t\t\t<\/div>\n\t\t\t\t<\/div>\n\t\t\t\t\t<\/div>\n\t\t<\/div>\n\t\t\t\t\t<\/div>\n\t\t<\/section>\n\t\t\t\t<\/div>\n\t\t","protected":false},"excerpt":{"rendered":"<p>Danse sur glace : TDF &#8211; Clermont Ferrand &#8211; R\u00e9sultats &#8211; En Senior, Angela termine 2eme , Manon 13eme et&#8230; Artistique : Troph\u00e9e Vauban- Besan\u00e7on &#8211; R\u00e9sultats &#8211; Zo\u00e9 termine 7eme\/8 avec 20.97 pts- Liloo 8eme\/8 avec&#8230; Artistique : TdF &#8211; Tours &#8211; R\u00e9sultats &#8211; Constance termine 3eme avec 39.83 points- Astrid termine 5eme\/13&#8230; Photos&hellip;&nbsp;<a href=\"https:\/\/epwlm.com\/index.php\/2023\/09\/27\/masters-villars-de-lans-2830-septembre\/\" rel=\"bookmark\">Lire la suite &raquo;<span class=\"screen-reader-text\">MASTERS &#8211; Villars de Lans &#8211; 28\/30 Septembre<\/span><\/a><\/p>\n","protected":false},"author":642,"featured_media":0,"parent":0,"menu_order":0,"comment_status":"closed","ping_status":"closed","template":"","meta":{"_monsterinsights_skip_tracking":false,"_monsterinsights_sitenote_active":false,"_monsterinsights_sitenote_note":"","_monsterinsights_sitenote_category":0,"neve_meta_sidebar":"","neve_meta_container":"","neve_meta_enable_content_width":"off","neve_meta_content_width":0,"neve_meta_title_alignment":"","neve_meta_author_avatar":"","neve_post_elements_order":"","neve_meta_disable_header":"","neve_meta_disable_footer":"","neve_meta_disable_title":"","ngg_post_thumbnail":0,"jetpack_post_was_ever_published":false,"footnotes":""},"class_list":["post-31158","page","type-page","status-publish","hentry"],"jetpack_sharing_enabled":true,"jetpack_shortlink":"https:\/\/wp.me\/P9UovH-86y","_links":{"self":[{"href":"https:\/\/epwlm.com\/index.php\/wp-json\/wp\/v2\/pages\/31158","targetHints":{"allow":["GET"]}}],"collection":[{"href":"https:\/\/epwlm.com\/index.php\/wp-json\/wp\/v2\/pages"}],"about":[{"href":"https:\/\/epwlm.com\/index.php\/wp-json\/wp\/v2\/types\/page"}],"author":[{"embeddable":true,"href":"https:\/\/epwlm.com\/index.php\/wp-json\/wp\/v2\/users\/642"}],"replies":[{"embeddable":true,"href":"https:\/\/epwlm.com\/index.php\/wp-json\/wp\/v2\/comments?post=31158"}],"version-history":[{"count":6,"href":"https:\/\/epwlm.com\/index.php\/wp-json\/wp\/v2\/pages\/31158\/revisions"}],"predecessor-version":[{"id":31165,"href":"https:\/\/epwlm.com\/index.php\/wp-json\/wp\/v2\/pages\/31158\/revisions\/31165"}],"wp:attachment":[{"href":"https:\/\/epwlm.com\/index.php\/wp-json\/wp\/v2\/media?parent=31158"}],"curies":[{"name":"wp","href":"https:\/\/api.w.org\/{rel}","templated":true}]}}