{"id":4439,"date":"2016-03-04T17:34:07","date_gmt":"2016-03-04T16:34:07","guid":{"rendered":"http:\/\/localhost\/wordpressEPWLM\/?page_id=5"},"modified":"2021-10-01T09:43:14","modified_gmt":"2021-10-01T07:43:14","slug":"a-propos","status":"publish","type":"page","link":"https:\/\/epwlm.com\/index.php\/disciplines\/a-propos\/","title":{"rendered":"Initiation"},"content":{"rendered":"<p><em><strong>L\u2019Entente Patinage Wasquehal Lille M\u00e9tropole<\/strong><\/em><br><em><strong>propose une initiation au Patinage sur Glace D\u00e8s 3 ans<\/strong><\/em><\/p><p>Entente Patinage Wasquehal<br>Lille M\u00e9tropole<\/p><p><img decoding=\"async\" width=\"300\" height=\"143\" class=\"size-medium wp-image-797\" src=\"http:\/\/www.nhju.eu\/wordpress\/epwlm\/wp-content\/uploads\/sites\/3\/2016\/03\/patin-300x143.jpg\" alt=\"rehabilitation de la patinoire de Wasquehal\" srcset=\"https:\/\/epwlm.com\/wp-content\/uploads\/2016\/03\/patin-300x143.jpg 300w, https:\/\/epwlm.com\/wp-content\/uploads\/2016\/03\/patin-768x367.jpg 768w, https:\/\/epwlm.com\/wp-content\/uploads\/2016\/03\/patin-1024x489.jpg 1024w, https:\/\/epwlm.com\/wp-content\/uploads\/2016\/03\/patin-600x286.jpg 600w\" sizes=\"(max-width: 300px) 100vw, 300px\" \/><span id=\"transmark\" style=\"display: none; width: 0px; height: 0px;\"><\/span><br>Patinoire Serge Charles<br>13, rue du Molinel<br>59290 WASQUEHAL<\/p><p><strong>Le patinage vous tente ?<\/strong><br><strong><br><\/strong>\u25cf L&#8217;encadrement est assur\u00e9 par les entra\u00eeneurs des diff\u00e9rentes disciplines.<br>\u25cf Les patineurs sont sur la piste : par groupes de niveaux.<br>\u25cf Ils progressent \u00e0 leur propre rythme.<br>\u25cf L\u2019apprentissage est favoris\u00e9 par l\u2019utilisation de mat\u00e9riel p\u00e9dagogique adapt\u00e9.<br>\u25cf Le passage r\u00e9gulier de tests valide les progr\u00e8s effectu\u00e9s.<br>\u25cf Tous participent aux diff\u00e9rents spectacles organis\u00e9s par le club.<\/p><p><span id=\"transmark\" style=\"display: none; width: 0px; height: 0px;\"><\/span><\/p>","protected":false},"excerpt":{"rendered":"<p>L\u2019Entente Patinage Wasquehal Lille M\u00e9tropolepropose une initiation au Patinage sur Glace D\u00e8s 3 ans Entente Patinage WasquehalLille M\u00e9tropole Patinoire Serge Charles13, rue du Molinel59290 WASQUEHAL Le patinage vous tente ?\u25cf L&#8217;encadrement est assur\u00e9 par les entra\u00eeneurs des diff\u00e9rentes disciplines.\u25cf Les patineurs sont sur la piste : par groupes de niveaux.\u25cf Ils progressent \u00e0 leur propre&hellip;&nbsp;<a href=\"https:\/\/epwlm.com\/index.php\/disciplines\/a-propos\/\" rel=\"bookmark\">Lire la suite &raquo;<span class=\"screen-reader-text\">Initiation<\/span><\/a><\/p>\n","protected":false},"author":1,"featured_media":0,"parent":4441,"menu_order":0,"comment_status":"closed","ping_status":"closed","template":"","meta":{"_monsterinsights_skip_tracking":false,"_monsterinsights_sitenote_active":false,"_monsterinsights_sitenote_note":"","_monsterinsights_sitenote_category":0,"neve_meta_sidebar":"","neve_meta_container":"","neve_meta_enable_content_width":"off","neve_meta_content_width":0,"neve_meta_title_alignment":"","neve_meta_author_avatar":"","neve_post_elements_order":"","neve_meta_disable_header":"","neve_meta_disable_footer":"","neve_meta_disable_title":"","ngg_post_thumbnail":0,"footnotes":""},"class_list":["post-4439","page","type-page","status-publish","hentry"],"jetpack_sharing_enabled":true,"jetpack_shortlink":"https:\/\/wp.me\/P9UovH-19B","_links":{"self":[{"href":"https:\/\/epwlm.com\/index.php\/wp-json\/wp\/v2\/pages\/4439","targetHints":{"allow":["GET"]}}],"collection":[{"href":"https:\/\/epwlm.com\/index.php\/wp-json\/wp\/v2\/pages"}],"about":[{"href":"https:\/\/epwlm.com\/index.php\/wp-json\/wp\/v2\/types\/page"}],"author":[{"embeddable":true,"href":"https:\/\/epwlm.com\/index.php\/wp-json\/wp\/v2\/users\/1"}],"replies":[{"embeddable":true,"href":"https:\/\/epwlm.com\/index.php\/wp-json\/wp\/v2\/comments?post=4439"}],"version-history":[{"count":4,"href":"https:\/\/epwlm.com\/index.php\/wp-json\/wp\/v2\/pages\/4439\/revisions"}],"predecessor-version":[{"id":12415,"href":"https:\/\/epwlm.com\/index.php\/wp-json\/wp\/v2\/pages\/4439\/revisions\/12415"}],"up":[{"embeddable":true,"href":"https:\/\/epwlm.com\/index.php\/wp-json\/wp\/v2\/pages\/4441"}],"wp:attachment":[{"href":"https:\/\/epwlm.com\/index.php\/wp-json\/wp\/v2\/media?parent=4439"}],"curies":[{"name":"wp","href":"https:\/\/api.w.org\/{rel}","templated":true}]}}