{"id":4441,"date":"2016-03-04T17:36:42","date_gmt":"2016-03-04T16:36:42","guid":{"rendered":"http:\/\/localhost\/wordpressEPWLM\/?page_id=12"},"modified":"2016-03-04T17:36:42","modified_gmt":"2016-03-04T16:36:42","slug":"disciplines","status":"publish","type":"page","link":"https:\/\/epwlm.com\/index.php\/disciplines\/","title":{"rendered":"Disciplines"},"content":{"rendered":"<p>L\u2019<strong>Entente Patinage Wasquehal Lille M\u00e9tropole<\/strong> c&#8217;est 3 disciplines de comp\u00e9tition :<\/p>\n<p>Patinage Artistiques &#8211; Patinage Synchronis\u00e9 &#8211; Danse sur Glace<\/p>\n<p><strong><img decoding=\"async\" class=\"alignnone size-full wp-image-518\" src=\"http:\/\/www.nhju.eu\/wordpress\/epwlm\/wp-content\/uploads\/sites\/3\/2016\/03\/patinage-artistique.jpg\" alt=\"patinage-artistique\" width=\"195\" height=\"150\" \/><img decoding=\"async\" class=\"alignnone size-full wp-image-519\" src=\"http:\/\/www.nhju.eu\/wordpress\/epwlm\/wp-content\/uploads\/sites\/3\/2016\/03\/patinage-synchro1.jpg\" alt=\"patinage-synchro1\" width=\"195\" height=\"150\" \/><img decoding=\"async\" class=\"alignnone size-full wp-image-517\" src=\"http:\/\/www.nhju.eu\/wordpress\/epwlm\/wp-content\/uploads\/sites\/3\/2016\/03\/danse-sur-glace1.jpg\" alt=\"danse-sur-glace1\" width=\"195\" height=\"150\" \/><\/strong><\/p>\n<p>Ainsi que plusieurs groupes d&#8217;initiation et de loisir :<\/p>\n<p><a href=\"http:\/\/www.epwlm.fr\/index.php?option=com_content&amp;view=article&amp;id=7&amp;Itemid=2\"><img loading=\"lazy\" decoding=\"async\" class=\"alignnone size-full wp-image-520\" src=\"http:\/\/www.nhju.eu\/wordpress\/epwlm\/wp-content\/uploads\/sites\/3\/2016\/03\/initiation1.jpg\" alt=\"initiation1\" width=\"195\" height=\"150\" \/><\/a><\/p>\n","protected":false},"excerpt":{"rendered":"<p>L\u2019Entente Patinage Wasquehal Lille M\u00e9tropole c&#8217;est 3 disciplines de comp\u00e9tition : Patinage Artistiques &#8211; Patinage Synchronis\u00e9 &#8211; Danse sur Glace Ainsi que plusieurs groupes d&#8217;initiation et de loisir :<\/p>\n","protected":false},"author":1,"featured_media":0,"parent":0,"menu_order":0,"comment_status":"closed","ping_status":"closed","template":"","meta":{"_monsterinsights_skip_tracking":false,"_monsterinsights_sitenote_active":false,"_monsterinsights_sitenote_note":"","_monsterinsights_sitenote_category":0,"neve_meta_sidebar":"","neve_meta_container":"","neve_meta_enable_content_width":"","neve_meta_content_width":0,"neve_meta_title_alignment":"","neve_meta_author_avatar":"","neve_post_elements_order":"","neve_meta_disable_header":"","neve_meta_disable_footer":"","neve_meta_disable_title":"","ngg_post_thumbnail":0,"jetpack_post_was_ever_published":false,"footnotes":""},"class_list":["post-4441","page","type-page","status-publish","hentry"],"jetpack_sharing_enabled":true,"jetpack_shortlink":"https:\/\/wp.me\/P9UovH-19D","_links":{"self":[{"href":"https:\/\/epwlm.com\/index.php\/wp-json\/wp\/v2\/pages\/4441","targetHints":{"allow":["GET"]}}],"collection":[{"href":"https:\/\/epwlm.com\/index.php\/wp-json\/wp\/v2\/pages"}],"about":[{"href":"https:\/\/epwlm.com\/index.php\/wp-json\/wp\/v2\/types\/page"}],"author":[{"embeddable":true,"href":"https:\/\/epwlm.com\/index.php\/wp-json\/wp\/v2\/users\/1"}],"replies":[{"embeddable":true,"href":"https:\/\/epwlm.com\/index.php\/wp-json\/wp\/v2\/comments?post=4441"}],"version-history":[{"count":0,"href":"https:\/\/epwlm.com\/index.php\/wp-json\/wp\/v2\/pages\/4441\/revisions"}],"wp:attachment":[{"href":"https:\/\/epwlm.com\/index.php\/wp-json\/wp\/v2\/media?parent=4441"}],"curies":[{"name":"wp","href":"https:\/\/api.w.org\/{rel}","templated":true}]}}