{"id":4443,"date":"2016-03-04T17:40:01","date_gmt":"2016-03-04T16:40:01","guid":{"rendered":"http:\/\/localhost\/wordpressEPWLM\/?page_id=18"},"modified":"2020-01-19T12:56:39","modified_gmt":"2020-01-19T11:56:39","slug":"entraineurs","status":"publish","type":"page","link":"https:\/\/epwlm.com\/index.php\/disciplines\/le-club\/entraineurs\/","title":{"rendered":"Les Entraineurs"},"content":{"rendered":"\t\t<div data-elementor-type=\"wp-page\" data-elementor-id=\"4443\" class=\"elementor elementor-4443\">\n\t\t\t\t\t\t<section class=\"elementor-section elementor-top-section elementor-element elementor-element-4dc023ca elementor-section-boxed elementor-section-height-default elementor-section-height-default\" data-id=\"4dc023ca\" data-element_type=\"section\" data-e-type=\"section\">\n\t\t\t\t\t\t<div class=\"elementor-container elementor-column-gap-default\">\n\t\t\t\t\t<div class=\"elementor-column elementor-col-100 elementor-top-column elementor-element elementor-element-1dd53711\" data-id=\"1dd53711\" data-element_type=\"column\" data-e-type=\"column\">\n\t\t\t<div class=\"elementor-widget-wrap elementor-element-populated\">\n\t\t\t\t\t\t<div class=\"elementor-element elementor-element-df87c7c elementor-widget elementor-widget-spacer\" data-id=\"df87c7c\" data-element_type=\"widget\" data-e-type=\"widget\" data-widget_type=\"spacer.default\">\n\t\t\t\t<div class=\"elementor-widget-container\">\n\t\t\t\t\t\t\t<div class=\"elementor-spacer\">\n\t\t\t<div class=\"elementor-spacer-inner\"><\/div>\n\t\t<\/div>\n\t\t\t\t\t\t<\/div>\n\t\t\t\t<\/div>\n\t\t\t\t\t<\/div>\n\t\t<\/div>\n\t\t\t\t\t<\/div>\n\t\t<\/section>\n\t\t\t\t<section class=\"elementor-section elementor-top-section elementor-element elementor-element-f564dae elementor-section-boxed elementor-section-height-default elementor-section-height-default\" data-id=\"f564dae\" data-element_type=\"section\" data-e-type=\"section\">\n\t\t\t\t\t\t<div class=\"elementor-container elementor-column-gap-default\">\n\t\t\t\t\t<div class=\"elementor-column elementor-col-50 elementor-top-column elementor-element elementor-element-80efb33\" data-id=\"80efb33\" data-element_type=\"column\" data-e-type=\"column\">\n\t\t\t<div class=\"elementor-widget-wrap elementor-element-populated\">\n\t\t\t\t\t\t<div class=\"elementor-element elementor-element-ba732bb elementor-position-top elementor-widget elementor-widget-image-box\" data-id=\"ba732bb\" data-element_type=\"widget\" data-e-type=\"widget\" data-widget_type=\"image-box.default\">\n\t\t\t\t<div class=\"elementor-widget-container\">\n\t\t\t\t\t<div class=\"elementor-image-box-wrapper\"><figure class=\"elementor-image-box-img\"><a href=\"https:\/\/epwlm.com\/index.php\/disciplines\/le-club\/entraineurs\/deborah-watelier\/\" tabindex=\"-1\"><img decoding=\"async\" src=\"https:\/\/epwlm.com\/wp-content\/uploads\/2016\/03\/deborah.jpg\" title=\"deborah\" alt=\"deborah\" loading=\"lazy\" \/><\/a><\/figure><div class=\"elementor-image-box-content\"><h3 class=\"elementor-image-box-title\"><a href=\"https:\/\/epwlm.com\/index.php\/disciplines\/le-club\/entraineurs\/deborah-watelier\/\">Danse sur Glace<\/a><\/h3><p class=\"elementor-image-box-description\">D\u00e9borah WATELIER \n<\/p><\/div><\/div>\t\t\t\t<\/div>\n\t\t\t\t<\/div>\n\t\t\t\t\t<\/div>\n\t\t<\/div>\n\t\t\t\t<div class=\"elementor-column elementor-col-50 elementor-top-column elementor-element elementor-element-0efc379\" data-id=\"0efc379\" data-element_type=\"column\" data-e-type=\"column\">\n\t\t\t<div class=\"elementor-widget-wrap elementor-element-populated\">\n\t\t\t\t\t\t<div class=\"elementor-element elementor-element-28201c8 elementor-position-top elementor-widget elementor-widget-image-box\" data-id=\"28201c8\" data-element_type=\"widget\" data-e-type=\"widget\" data-widget_type=\"image-box.default\">\n\t\t\t\t<div class=\"elementor-widget-container\">\n\t\t\t\t\t<div class=\"elementor-image-box-wrapper\"><figure class=\"elementor-image-box-img\"><a href=\"https:\/\/epwlm.com\/index.php\/disciplines\/le-club\/entraineurs\/matteo-domenico-ottaviani\/\" tabindex=\"-1\"><img decoding=\"async\" src=\"https:\/\/epwlm.com\/wp-content\/uploads\/elementor\/thumbs\/matteo-nq4b7j8zmq663ecy4l8z1i9bpvml0uhqxoq4cen3co.jpg\" title=\"matteo\" alt=\"matteo\" loading=\"lazy\" \/><\/a><\/figure><div class=\"elementor-image-box-content\"><h3 class=\"elementor-image-box-title\"><a href=\"https:\/\/epwlm.com\/index.php\/disciplines\/le-club\/entraineurs\/matteo-domenico-ottaviani\/\">Patinage Artistique &amp; Synchronis\u00e9<\/a><\/h3><p class=\"elementor-image-box-description\">Matt\u00e9o OTTAVIANI \n<\/p><\/div><\/div>\t\t\t\t<\/div>\n\t\t\t\t<\/div>\n\t\t\t\t\t<\/div>\n\t\t<\/div>\n\t\t\t\t\t<\/div>\n\t\t<\/section>\n\t\t\t\t<section class=\"elementor-section elementor-top-section elementor-element elementor-element-a3901ea elementor-section-boxed elementor-section-height-default elementor-section-height-default\" data-id=\"a3901ea\" data-element_type=\"section\" data-e-type=\"section\">\n\t\t\t\t\t\t<div class=\"elementor-container elementor-column-gap-default\">\n\t\t\t\t\t<div class=\"elementor-column elementor-col-50 elementor-top-column elementor-element elementor-element-e5ecb8c\" data-id=\"e5ecb8c\" data-element_type=\"column\" data-e-type=\"column\">\n\t\t\t<div class=\"elementor-widget-wrap elementor-element-populated\">\n\t\t\t\t\t\t<div class=\"elementor-element elementor-element-a3974f7 elementor-position-top elementor-widget elementor-widget-image-box\" data-id=\"a3974f7\" data-element_type=\"widget\" data-e-type=\"widget\" data-widget_type=\"image-box.default\">\n\t\t\t\t<div class=\"elementor-widget-container\">\n\t\t\t\t\t<div class=\"elementor-image-box-wrapper\"><figure class=\"elementor-image-box-img\"><a href=\"https:\/\/epwlm.com\/index.php\/disciplines\/le-club\/entraineurs\/coralie-grognet\/\" tabindex=\"-1\"><img decoding=\"async\" width=\"150\" height=\"150\" src=\"https:\/\/epwlm.com\/wp-content\/uploads\/2020\/01\/coralie-150x150.jpg\" class=\"attachment-thumbnail size-thumbnail wp-image-7416\" alt=\"\" srcset=\"https:\/\/epwlm.com\/wp-content\/uploads\/2020\/01\/coralie-150x150.jpg 150w, https:\/\/epwlm.com\/wp-content\/uploads\/2020\/01\/coralie-70x70.jpg 70w, https:\/\/epwlm.com\/wp-content\/uploads\/2020\/01\/coralie-300x300.jpg 300w, https:\/\/epwlm.com\/wp-content\/uploads\/2020\/01\/coralie-100x100.jpg 100w\" sizes=\"(max-width: 150px) 100vw, 150px\" \/><\/a><\/figure><div class=\"elementor-image-box-content\"><h3 class=\"elementor-image-box-title\"><a href=\"https:\/\/epwlm.com\/index.php\/disciplines\/le-club\/entraineurs\/coralie-grognet\/\">Patinage Artistique<\/a><\/h3><p class=\"elementor-image-box-description\">Coralie GROGNET \n<\/p><\/div><\/div>\t\t\t\t<\/div>\n\t\t\t\t<\/div>\n\t\t\t\t\t<\/div>\n\t\t<\/div>\n\t\t\t\t<div class=\"elementor-column elementor-col-50 elementor-top-column elementor-element elementor-element-d3b1efd\" data-id=\"d3b1efd\" data-element_type=\"column\" data-e-type=\"column\">\n\t\t\t<div class=\"elementor-widget-wrap elementor-element-populated\">\n\t\t\t\t\t\t<div class=\"elementor-element elementor-element-94a0e67 elementor-position-top elementor-widget elementor-widget-image-box\" data-id=\"94a0e67\" data-element_type=\"widget\" data-e-type=\"widget\" data-widget_type=\"image-box.default\">\n\t\t\t\t<div class=\"elementor-widget-container\">\n\t\t\t\t\t<div class=\"elementor-image-box-wrapper\"><figure class=\"elementor-image-box-img\"><a href=\"https:\/\/epwlm.com\/index.php\/disciplines\/le-club\/entraineurs\/patty-dumesnil\/\" tabindex=\"-1\"><img decoding=\"async\" width=\"166\" height=\"133\" src=\"https:\/\/epwlm.com\/wp-content\/uploads\/2020\/01\/patty.png\" class=\"attachment-medium_large size-medium_large wp-image-7417\" alt=\"\" \/><\/a><\/figure><div class=\"elementor-image-box-content\"><h3 class=\"elementor-image-box-title\"><a href=\"https:\/\/epwlm.com\/index.php\/disciplines\/le-club\/entraineurs\/patty-dumesnil\/\">Danse sur Glace<\/a><\/h3><p class=\"elementor-image-box-description\">Patty DUMESNIL\n<\/p><\/div><\/div>\t\t\t\t<\/div>\n\t\t\t\t<\/div>\n\t\t\t\t\t<\/div>\n\t\t<\/div>\n\t\t\t\t\t<\/div>\n\t\t<\/section>\n\t\t\t\t<\/div>\n\t\t","protected":false},"excerpt":{"rendered":"<p>Danse sur Glace D\u00e9borah WATELIER Patinage Artistique &#038; Synchronis\u00e9 Matt\u00e9o OTTAVIANI Patinage Artistique Coralie GROGNET Danse sur Glace Patty DUMESNIL<\/p>\n","protected":false},"author":1,"featured_media":0,"parent":4440,"menu_order":0,"comment_status":"closed","ping_status":"closed","template":"","meta":{"_monsterinsights_skip_tracking":false,"_monsterinsights_sitenote_active":false,"_monsterinsights_sitenote_note":"","_monsterinsights_sitenote_category":0,"neve_meta_sidebar":"","neve_meta_container":"","neve_meta_enable_content_width":"","neve_meta_content_width":0,"neve_meta_title_alignment":"","neve_meta_author_avatar":"","neve_post_elements_order":"","neve_meta_disable_header":"","neve_meta_disable_footer":"","neve_meta_disable_title":"","ngg_post_thumbnail":0,"footnotes":""},"class_list":["post-4443","page","type-page","status-publish","hentry"],"jetpack_sharing_enabled":true,"jetpack_shortlink":"https:\/\/wp.me\/P9UovH-19F","_links":{"self":[{"href":"https:\/\/epwlm.com\/index.php\/wp-json\/wp\/v2\/pages\/4443","targetHints":{"allow":["GET"]}}],"collection":[{"href":"https:\/\/epwlm.com\/index.php\/wp-json\/wp\/v2\/pages"}],"about":[{"href":"https:\/\/epwlm.com\/index.php\/wp-json\/wp\/v2\/types\/page"}],"author":[{"embeddable":true,"href":"https:\/\/epwlm.com\/index.php\/wp-json\/wp\/v2\/users\/1"}],"replies":[{"embeddable":true,"href":"https:\/\/epwlm.com\/index.php\/wp-json\/wp\/v2\/comments?post=4443"}],"version-history":[{"count":23,"href":"https:\/\/epwlm.com\/index.php\/wp-json\/wp\/v2\/pages\/4443\/revisions"}],"predecessor-version":[{"id":7629,"href":"https:\/\/epwlm.com\/index.php\/wp-json\/wp\/v2\/pages\/4443\/revisions\/7629"}],"up":[{"embeddable":true,"href":"https:\/\/epwlm.com\/index.php\/wp-json\/wp\/v2\/pages\/4440"}],"wp:attachment":[{"href":"https:\/\/epwlm.com\/index.php\/wp-json\/wp\/v2\/media?parent=4443"}],"curies":[{"name":"wp","href":"https:\/\/api.w.org\/{rel}","templated":true}]}}