{"id":4951,"date":"2018-09-23T14:58:40","date_gmt":"2018-09-23T12:58:40","guid":{"rendered":"http:\/\/epwlm.com\/?page_id=4951"},"modified":"2018-10-02T20:45:20","modified_gmt":"2018-10-02T18:45:20","slug":"participation-a-levenement-halloween","status":"publish","type":"page","link":"https:\/\/epwlm.com\/index.php\/participation-a-levenement-halloween\/","title":{"rendered":"Participation \u00e0 l&#8217;\u00e9v\u00e8nement &#8211; Halloween &#8211;"},"content":{"rendered":"<div id=\"pl-4951\"  class=\"panel-layout\" >\n<div id=\"pg-4951-0\"  class=\"panel-grid panel-no-style\"  data-style=\"{&quot;background_image_attachment&quot;:false,&quot;background_display&quot;:&quot;tile&quot;,&quot;cell_alignment&quot;:&quot;flex-start&quot;}\" >\n<div id=\"pgc-4951-0-0\"  class=\"panel-grid-cell\"  data-weight=\"0.5\" >\n<div id=\"panel-4951-0-0-0\" class=\"so-panel widget widget_sow-image panel-first-child panel-last-child\" data-index=\"0\" data-style=\"{&quot;background_image_attachment&quot;:false,&quot;background_display&quot;:&quot;tile&quot;}\" ><div\n\t\t\t\n\t\t\tclass=\"so-widget-sow-image so-widget-sow-image-default-8b5b6f678277\"\n\t\t\t\n\t\t>\n<div class=\"sow-image-container\">\n\t\t<img fetchpriority=\"high\" \n\tsrc=\"https:\/\/epwlm.com\/wp-content\/uploads\/2018\/10\/AFFICHE-HALLOWEEN-3-pdf.jpg\" width=\"1497\" height=\"2117\" sizes=\"(max-width: 1497px) 100vw, 1497px\" title=\"AFFICHE HALLOWEEN\" alt=\"\" \t\tclass=\"so-widget-image\"\/>\n\t<\/div>\n\n<\/div><\/div>\n<\/div>\n<div id=\"pgc-4951-0-1\"  class=\"panel-grid-cell\"  data-weight=\"0.5\" >\n<div id=\"panel-4951-0-1-0\" class=\"so-panel widget widget_sow-editor panel-first-child panel-last-child\" data-index=\"1\" data-style=\"{&quot;background_image_attachment&quot;:false,&quot;background_display&quot;:&quot;tile&quot;}\" >\n<div class=\"so-widget-sow-editor so-widget-sow-editor-base\">\n<div class=\"siteorigin-widget-tinymce textwidget\">\n<p>Monstres, vampires, zombies et autres sorci\u00e8res, venez frissonner sur la glace pour une ambiance Halloween horrifique ! Oserez-vous go\u00fbter \u00e0 nos terrifiants bonbons ? Tous \u00e0 vos costumes pour une s\u00e9ance plus envo\u00fbt\u00e9e, plus endiabl\u00e9e, plus enflamm\u00e9e !!!<\/p>\n<p>Pour une meilleure organisation, pouvez-vous remplir ce formulaire SVP<\/p>\n<p class=\"wpcf7-contact-form-not-found\"><strong>Erreur\u00a0:<\/strong> Formulaire de contact non trouv\u00e9\u00a0!<\/p>\n<p>&nbsp;<\/p>\n<p>&nbsp;<\/p>\n<p>&nbsp;<\/p>\n<p>&nbsp;<\/p>\n<\/div>\n<\/div>\n<\/div>\n<\/div>\n<\/div>\n<\/div>\n","protected":false},"excerpt":{"rendered":"<p>Monstres, vampires, zombies et autres sorci\u00e8res, venez frissonner sur la glace pour une ambiance Halloween horrifique ! Oserez-vous go\u00fbter \u00e0 nos terrifiants bonbons ? Tous \u00e0 vos costumes pour une s\u00e9ance plus envo\u00fbt\u00e9e, plus endiabl\u00e9e, plus enflamm\u00e9e !!! Pour une meilleure organisation, pouvez-vous remplir ce formulaire SVP &nbsp; &nbsp; &nbsp; &nbsp;<\/p>\n","protected":false},"author":1,"featured_media":0,"parent":0,"menu_order":0,"comment_status":"closed","ping_status":"closed","template":"full-width-page.php","meta":{"_monsterinsights_skip_tracking":false,"_monsterinsights_sitenote_active":false,"_monsterinsights_sitenote_note":"","_monsterinsights_sitenote_category":0,"neve_meta_sidebar":"","neve_meta_container":"","neve_meta_enable_content_width":"","neve_meta_content_width":0,"neve_meta_title_alignment":"","neve_meta_author_avatar":"","neve_post_elements_order":"","neve_meta_disable_header":"","neve_meta_disable_footer":"","neve_meta_disable_title":"","ngg_post_thumbnail":0,"jetpack_post_was_ever_published":false,"footnotes":""},"class_list":["post-4951","page","type-page","status-publish","hentry"],"jetpack_sharing_enabled":true,"jetpack_shortlink":"https:\/\/wp.me\/P9UovH-1hR","_links":{"self":[{"href":"https:\/\/epwlm.com\/index.php\/wp-json\/wp\/v2\/pages\/4951","targetHints":{"allow":["GET"]}}],"collection":[{"href":"https:\/\/epwlm.com\/index.php\/wp-json\/wp\/v2\/pages"}],"about":[{"href":"https:\/\/epwlm.com\/index.php\/wp-json\/wp\/v2\/types\/page"}],"author":[{"embeddable":true,"href":"https:\/\/epwlm.com\/index.php\/wp-json\/wp\/v2\/users\/1"}],"replies":[{"embeddable":true,"href":"https:\/\/epwlm.com\/index.php\/wp-json\/wp\/v2\/comments?post=4951"}],"version-history":[{"count":11,"href":"https:\/\/epwlm.com\/index.php\/wp-json\/wp\/v2\/pages\/4951\/revisions"}],"predecessor-version":[{"id":5017,"href":"https:\/\/epwlm.com\/index.php\/wp-json\/wp\/v2\/pages\/4951\/revisions\/5017"}],"wp:attachment":[{"href":"https:\/\/epwlm.com\/index.php\/wp-json\/wp\/v2\/media?parent=4951"}],"curies":[{"name":"wp","href":"https:\/\/api.w.org\/{rel}","templated":true}]}}