{"id":772,"date":"2016-03-27T16:16:44","date_gmt":"2016-03-27T15:16:44","guid":{"rendered":"http:\/\/www.nhju.eu\/wordpress\/epwlm\/?page_id=772"},"modified":"2016-03-27T16:16:44","modified_gmt":"2016-03-27T15:16:44","slug":"synchro","status":"publish","type":"page","link":"https:\/\/epwlm.com\/index.php\/competitions\/synchro\/","title":{"rendered":"SYNCHRO"},"content":{"rendered":"<p>Patinage Synchronis\u00e9 : Les Juniors vice-championnes de France : <a href=\"http:\/\/www.nhju.eu\/wordpress\/epwlm\/2016\/03\/23\/patinage-synchronise-les-juniors-vice-championnes-de-france\/\">lien<\/a><\/p>\n<p>Patinage synchronis\u00e9 : les Hauts de France \u00e0 Compi\u00e8gne : <a href=\"http:\/\/www.nhju.eu\/wordpress\/epwlm\/2016\/03\/23\/patinage-synchronise-les-hauts-de-france-a-compiegne\/\">lien<\/a><\/p>\n<p>&nbsp;<\/p>\n","protected":false},"excerpt":{"rendered":"<p>Patinage Synchronis\u00e9 : Les Juniors vice-championnes de France : lien Patinage synchronis\u00e9 : les Hauts de France \u00e0 Compi\u00e8gne : lien &nbsp;<\/p>\n","protected":false},"author":1,"featured_media":0,"parent":4442,"menu_order":0,"comment_status":"closed","ping_status":"closed","template":"","meta":{"_monsterinsights_skip_tracking":false,"_monsterinsights_sitenote_active":false,"_monsterinsights_sitenote_note":"","_monsterinsights_sitenote_category":0,"neve_meta_sidebar":"","neve_meta_container":"","neve_meta_enable_content_width":"","neve_meta_content_width":0,"neve_meta_title_alignment":"","neve_meta_author_avatar":"","neve_post_elements_order":"","neve_meta_disable_header":"","neve_meta_disable_footer":"","neve_meta_disable_title":"","ngg_post_thumbnail":0,"jetpack_post_was_ever_published":false,"footnotes":""},"class_list":["post-772","page","type-page","status-publish","hentry"],"jetpack_sharing_enabled":true,"jetpack_shortlink":"https:\/\/wp.me\/P9UovH-cs","_links":{"self":[{"href":"https:\/\/epwlm.com\/index.php\/wp-json\/wp\/v2\/pages\/772","targetHints":{"allow":["GET"]}}],"collection":[{"href":"https:\/\/epwlm.com\/index.php\/wp-json\/wp\/v2\/pages"}],"about":[{"href":"https:\/\/epwlm.com\/index.php\/wp-json\/wp\/v2\/types\/page"}],"author":[{"embeddable":true,"href":"https:\/\/epwlm.com\/index.php\/wp-json\/wp\/v2\/users\/1"}],"replies":[{"embeddable":true,"href":"https:\/\/epwlm.com\/index.php\/wp-json\/wp\/v2\/comments?post=772"}],"version-history":[{"count":0,"href":"https:\/\/epwlm.com\/index.php\/wp-json\/wp\/v2\/pages\/772\/revisions"}],"up":[{"embeddable":true,"href":"https:\/\/epwlm.com\/index.php\/wp-json\/wp\/v2\/pages\/4442"}],"wp:attachment":[{"href":"https:\/\/epwlm.com\/index.php\/wp-json\/wp\/v2\/media?parent=772"}],"curies":[{"name":"wp","href":"https:\/\/api.w.org\/{rel}","templated":true}]}}